{"id":15,"date":"2015-04-09T17:14:47","date_gmt":"2015-04-09T17:14:47","guid":{"rendered":"http:\/\/palaciodelmar.com\/pm\/?page_id=15"},"modified":"2025-09-11T14:50:30","modified_gmt":"2025-09-11T14:50:30","slug":"luxury-villas","status":"publish","type":"page","link":"https:\/\/palaciodelmar.com\/es\/luxury-villas\/","title":{"rendered":"Villas de Lujo"},"content":{"rendered":"<div class=\"alignnormal\"><div id=\"metaslider-id-175\" style=\"width: 100%; margin: 0 auto;\" class=\"ml-slider-3-105-0 metaslider metaslider-nivo metaslider-175 ml-slider has-dots-nav ms-theme-nivo-light\" role=\"region\" aria-label=\"Villas\" data-height=\"250\" data-width=\"925\">\n    <div id=\"metaslider_container_175\">\n        <div class='slider-wrapper theme-default'><div class='ribbon'><\/div><div id='metaslider_175' class='nivoSlider'><img loading=\"lazy\" decoding=\"async\" src=\"https:\/\/palaciodelmar.com\/wp-content\/uploads\/2015\/04\/villa-1-800x216.jpg\" height=\"250\" width=\"925\" title=\"Palacio del Mar Luxury Oceanfront Condos and Villas in Rosarito Beach, Mexico\" alt=\"Palacio del Mar Luxury Oceanfront Condos and Villas in Rosarito Beach, Mexico\" class=\"slider-175 slide-147 msDefaultImage\" \/><img loading=\"lazy\" decoding=\"async\" src=\"https:\/\/palaciodelmar.com\/wp-content\/uploads\/2015\/04\/villa-6-800x216.jpg\" height=\"250\" width=\"925\" title=\"Palacio del Mar Luxury Oceanfront Condos and Villas in Rosarito Beach, Mexico\" alt=\"Palacio del Mar Luxury Oceanfront Condos and Villas in Rosarito Beach, Mexico\" class=\"slider-175 slide-176 msDefaultImage\" \/><img loading=\"lazy\" decoding=\"async\" src=\"https:\/\/palaciodelmar.com\/wp-content\/uploads\/2015\/04\/villa-9-800x216.jpg\" height=\"250\" width=\"925\" title=\"Palacio del Mar Luxury Oceanfront Condos and Villas in Rosarito Beach, Mexico\" alt=\"Palacio del Mar Luxury Oceanfront Condos and Villas in Rosarito Beach, Mexico\" class=\"slider-175 slide-177 msDefaultImage\" \/><img loading=\"lazy\" decoding=\"async\" src=\"https:\/\/palaciodelmar.com\/wp-content\/uploads\/2015\/04\/villa-13-800x216.jpg\" height=\"250\" width=\"925\" title=\"Palacio del Mar Luxury Oceanfront Condos and Villas in Rosarito Beach, Mexico\" alt=\"Palacio del Mar Luxury Oceanfront Condos and Villas in Rosarito Beach, Mexico\" class=\"slider-175 slide-178 msDefaultImage\" \/><img loading=\"lazy\" decoding=\"async\" src=\"https:\/\/palaciodelmar.com\/wp-content\/uploads\/2015\/04\/villa-14-925x250.jpg\" height=\"250\" width=\"925\" title=\"Palacio del Mar Luxury Oceanfront Condos and Villas in Rosarito Beach, Mexico\" alt=\"Palacio del Mar Luxury Oceanfront Condos and Villas in Rosarito Beach, Mexico\" class=\"slider-175 slide-157 msDefaultImage\" \/><img loading=\"lazy\" decoding=\"async\" src=\"https:\/\/palaciodelmar.com\/wp-content\/uploads\/2015\/04\/villa-12-800x216.jpg\" height=\"250\" width=\"925\" title=\"Palacio del Mar Luxury Oceanfront Condos and Villas in Rosarito Beach, Mexico\" alt=\"Palacio del Mar Luxury Oceanfront Condos and Villas in Rosarito Beach, Mexico\" class=\"slider-175 slide-156 msDefaultImage\" \/><img loading=\"lazy\" decoding=\"async\" src=\"https:\/\/palaciodelmar.com\/wp-content\/uploads\/2015\/04\/villa-5-800x216.jpg\" height=\"250\" width=\"925\" title=\"Palacio del Mar Luxury Oceanfront Condos and Villas in Rosarito Beach, Mexico\" alt=\"Palacio del Mar Luxury Oceanfront Condos and Villas in Rosarito Beach, Mexico\" class=\"slider-175 slide-151 msDefaultImage\" \/><img loading=\"lazy\" decoding=\"async\" src=\"https:\/\/palaciodelmar.com\/wp-content\/uploads\/2015\/04\/villa-7-800x216.jpg\" height=\"250\" width=\"925\" title=\"Palacio del Mar Luxury Oceanfront Condos and Villas in Rosarito Beach, Mexico\" alt=\"Palacio del Mar Luxury Oceanfront Condos and Villas in Rosarito Beach, Mexico\" class=\"slider-175 slide-152 msDefaultImage\" \/><img loading=\"lazy\" decoding=\"async\" src=\"https:\/\/palaciodelmar.com\/wp-content\/uploads\/2015\/04\/villa-8-800x216.jpg\" height=\"250\" width=\"925\" title=\"Palacio del Mar Luxury Oceanfront Condos and Villas in Rosarito Beach, Mexico\" alt=\"Palacio del Mar Luxury Oceanfront Condos and Villas in Rosarito Beach, Mexico\" class=\"slider-175 slide-153 msDefaultImage\" \/><img loading=\"lazy\" decoding=\"async\" src=\"https:\/\/palaciodelmar.com\/wp-content\/uploads\/2015\/04\/villa-10-800x216.jpg\" height=\"250\" width=\"925\" title=\"Palacio del Mar Luxury Oceanfront Condos and Villas in Rosarito Beach, Mexico\" alt=\"Palacio del Mar Luxury Oceanfront Condos and Villas in Rosarito Beach, Mexico\" class=\"slider-175 slide-154 msDefaultImage\" \/><img loading=\"lazy\" decoding=\"async\" src=\"https:\/\/palaciodelmar.com\/wp-content\/uploads\/2015\/04\/villa-11-800x216.jpg\" height=\"250\" width=\"925\" title=\"Palacio del Mar Luxury Oceanfront Condos and Villas in Rosarito Beach, Mexico\" alt=\"Palacio del Mar Luxury Oceanfront Condos and Villas in Rosarito Beach, Mexico\" class=\"slider-175 slide-155 msDefaultImage\" \/><img loading=\"lazy\" decoding=\"async\" src=\"https:\/\/palaciodelmar.com\/wp-content\/uploads\/2015\/04\/villa-4-800x216.jpg\" height=\"250\" width=\"925\" title=\"Palacio del Mar Luxury Oceanfront Condos and Villas in Rosarito Beach, Mexico\" alt=\"Palacio del Mar Luxury Oceanfront Condos and Villas in Rosarito Beach, Mexico\" class=\"slider-175 slide-150 msDefaultImage\" \/><img loading=\"lazy\" decoding=\"async\" src=\"https:\/\/palaciodelmar.com\/wp-content\/uploads\/2015\/04\/villa-3-800x216.jpg\" height=\"250\" width=\"925\" title=\"Palacio del Mar Luxury Oceanfront Condos and Villas in Rosarito Beach, Mexico\" alt=\"Palacio del Mar Luxury Oceanfront Condos and Villas in Rosarito Beach, Mexico\" class=\"slider-175 slide-149 msDefaultImage\" \/><img loading=\"lazy\" decoding=\"async\" src=\"https:\/\/palaciodelmar.com\/wp-content\/uploads\/2015\/04\/villa-2-533x144.jpg\" height=\"250\" width=\"925\" title=\"Palacio del Mar Luxury Oceanfront Condos and Villas in Rosarito Beach, Mexico\" alt=\"Palacio del Mar Luxury Oceanfront Condos and Villas in Rosarito Beach, Mexico\" class=\"slider-175 slide-148 msDefaultImage\" \/><\/div><\/div>\n        \n    <\/div>\n<\/div><\/div>\n\n\n\n<h2 class=\"wp-block-heading\">Villas de lujo en Rosarito<\/h2>\n\n\n\n<p class=\"has-medium-font-size\">Palacio del Mar cuenta con las Villas de lujo m\u00e1s exclusivas de todo Rosarito. Estas villas privadas de lujo ofrecen excelentes detalles y materiales, luz natural y vista al mar. Es dentro de estas excelentes villas donde se muestra la verdadera experiencia de los desarrolladores en dise\u00f1o de lujo.<\/p>\n\n\n\n<div class=\"wp-block-media-text is-stacked-on-mobile custom-shadow\" style=\"grid-template-columns:40% auto\"><figure class=\"wp-block-media-text__media\"><img loading=\"lazy\" decoding=\"async\" width=\"800\" height=\"533\" src=\"https:\/\/palaciodelmar.com\/wp-content\/uploads\/2015\/04\/villa-10.jpg\" alt=\"Palacio del Mar Luxury Oceanfront Condos and Villas in Rosarito Beach, Mexico\" class=\"wp-image-154 size-full\" srcset=\"https:\/\/palaciodelmar.com\/wp-content\/uploads\/2015\/04\/villa-10.jpg 800w, https:\/\/palaciodelmar.com\/wp-content\/uploads\/2015\/04\/villa-10-300x200.jpg 300w\" sizes=\"(max-width: 800px) 100vw, 800px\" \/><\/figure><div class=\"wp-block-media-text__content\">\n<p class=\"has-medium-font-size\">Cada villa incluye materiales finos y lujos esperados, como pisos de travertino, paredes completas de deslizadores de patio y vidrio en el lado del oc\u00e9ano, electrodom\u00e9sticos de cocina de acero inoxidable, protector contra salpicaduras de granito, herrajes modernos en la cocina y los ba\u00f1os, gabinetes personalizados, chimenea empotrada, calefacci\u00f3n de aire, garaje adjunto para 2 autos y m\u00e1s.<\/p>\n\n\n\n<p class=\"has-medium-font-size\">Cada villa est\u00e1 frente al mar y tiene suficiente terreno al frente para una piscina privada, un patio o un jard\u00edn. Al final de un peque\u00f1o banco de Villas hay un acantilado arenoso, excelente para jugar o simplemente disfrutar como parte de la vista.<\/p>\n<\/div><\/div>\n\n\n\n<div style=\"height:25px\" aria-hidden=\"true\" class=\"wp-block-spacer\"><\/div>\n\n\n\n<p class=\"has-medium-font-size\">Todas las Villas ofrecen una verdadera experiencia frente al mar. Ver\u00e1 ballenas, delfines y leones marinos, as\u00ed como las olas rompiendo y el cambio de mareas. Justo al final de la playa se encuentra el lugar local para practicar surf.<\/p>\n\n\n\n<p class=\"has-medium-font-size\">Estas son las \u00fanicas villas en la costa en las que todas las habitaciones est\u00e1n frente al mar.<\/p>\n\n\n\n<div style=\"height:25px\" aria-hidden=\"true\" class=\"wp-block-spacer\"><\/div>\n\n\n\n<div class=\"wp-block-media-text has-media-on-the-right is-stacked-on-mobile custom-shadow\" style=\"grid-template-columns:auto 40%\"><div class=\"wp-block-media-text__content\">\n<p class=\"has-medium-font-size\">Las villas comienzan en 4000 pies cuadrados, 3 dormitorios, 3,5 ba\u00f1os y un garaje adjunto para 2 autom\u00f3viles.<\/p>\n\n\n\n<p class=\"has-medium-font-size\">Las villas se pueden personalizar. Por ejemplo, una villa de 3 dormitorios se puede convertir en una villa de 4 dormitorios y se puede agregar una piscina privada o un jacuzzi.<\/p>\n<\/div><figure class=\"wp-block-media-text__media\"><img loading=\"lazy\" decoding=\"async\" width=\"800\" height=\"533\" src=\"https:\/\/palaciodelmar.com\/wp-content\/uploads\/2015\/04\/villa-7.jpg\" alt=\"Palacio del Mar Luxury Oceanfront Condos and Villas in Rosarito Beach, Mexico\" class=\"wp-image-152 size-full\" srcset=\"https:\/\/palaciodelmar.com\/wp-content\/uploads\/2015\/04\/villa-7.jpg 800w, https:\/\/palaciodelmar.com\/wp-content\/uploads\/2015\/04\/villa-7-300x200.jpg 300w\" sizes=\"(max-width: 800px) 100vw, 800px\" \/><\/figure><\/div>\n\n\n\n<div style=\"height:25px\" aria-hidden=\"true\" class=\"wp-block-spacer\"><\/div>\n\n\n\n<p class=\"has-medium-font-size\">Cada villa tiene un impresionante vest\u00edbulo con techo alto, elegantes escaleras de travertino, una gran puerta de madera personalizada y mucha luz natural.<\/p>\n\n\n\n<p class=\"has-medium-font-size\">La cocina est\u00e1 totalmente equipada y abierta con barra de granito. La sala de estar formal es enorme con espacio suficiente para 10 personas c\u00f3modamente sentadas.<\/p>\n\n\n\n<p class=\"has-medium-font-size\">La sala de estar est\u00e1 justo en el coraz\u00f3n donde se encuentran el exterior y el interior. Disfrute de un estilo de vida en el oc\u00e9ano directamente desde su sof\u00e1.<\/p>\n\n\n\n<div class=\"wp-block-media-text is-stacked-on-mobile custom-shadow\" style=\"grid-template-columns:40% auto\"><figure class=\"wp-block-media-text__media\"><img loading=\"lazy\" decoding=\"async\" width=\"800\" height=\"533\" src=\"https:\/\/palaciodelmar.com\/wp-content\/uploads\/2015\/04\/villa-3.jpg\" alt=\"Palacio del Mar Luxury Oceanfront Condos and Villas in Rosarito Beach, Mexico\" class=\"wp-image-149 size-full\" srcset=\"https:\/\/palaciodelmar.com\/wp-content\/uploads\/2015\/04\/villa-3.jpg 800w, https:\/\/palaciodelmar.com\/wp-content\/uploads\/2015\/04\/villa-3-300x200.jpg 300w\" sizes=\"(max-width: 800px) 100vw, 800px\" \/><\/figure><div class=\"wp-block-media-text__content\">\n<p class=\"has-medium-font-size\">Cada villa tiene un dormitorio principal en el primer y segundo nivel. Hay un medio ba\u00f1o grande en el nivel principal. Todos los ba\u00f1os tienen tocadores dobles y todas las habitaciones tienen vestidores o vestidores.<\/p>\n<\/div><\/div>\n\n\n\n<div style=\"height:40px\" aria-hidden=\"true\" class=\"wp-block-spacer\"><\/div>\n\n\n\n<p class=\"has-medium-font-size\">Aqu\u00ed hay una lista de caracter\u00edsticas incluidas:<\/p>\n\n\n\n<ul class=\"has-medium-font-size\">\n<li>Cocina moderna totalmente equipada con electrodom\u00e9sticos de acero inoxidable.<\/li>\n\n\n\n<li>Encimeras de cocina de granito con protector contra salpicaduras completo de granito<\/li>\n\n\n\n<li>Muchos gabinetes en la cocina con despensa.<\/li>\n\n\n\n<li>Lavadora y secadora incluidas en un cuarto de lavado.<\/li>\n\n\n\n<li>Suelo de travertino.<\/li>\n\n\n\n<li>Alfombras en los dormitorios.<\/li>\n\n\n\n<li>Chimenea incluida en el sal\u00f3n<\/li>\n\n\n\n<li>Iluminaci\u00f3n empotrada en todas partes.<\/li>\n\n\n\n<li>Sistema de calefacci\u00f3n central de aire forzado<\/li>\n\n\n\n<li>Techos de 9' y 10' de altura<\/li>\n\n\n\n<li>Nichos y dise\u00f1os de paredes \u00fanicos<\/li>\n\n\n\n<li>Puertas interiores con paneles elevados<\/li>\n\n\n\n<li>Accesorios de grifer\u00eda de dise\u00f1o<\/li>\n\n\n\n<li>Ventanas acristaladas con protecci\u00f3n solar.<\/li>\n\n\n\n<li>Internet de alta velocidad disponible.<\/li>\n\n\n\n<li>Televisi\u00f3n por sat\u00e9lite disponible.<\/li>\n\n\n\n<li>3 vestidores<\/li>\n<\/ul>","protected":false},"excerpt":{"rendered":"<p>Luxury Villas in Rosarito Palacio del Mar has the most exclusive luxury Villas in all of Rosarito.&nbsp; These private luxury villas deliver excellent detail and materials, natural light and ocean &#8230;<\/p>","protected":false},"author":1,"featured_media":0,"parent":0,"menu_order":0,"comment_status":"closed","ping_status":"closed","template":"","meta":{"_exactmetrics_skip_tracking":false,"_exactmetrics_sitenote_active":false,"_exactmetrics_sitenote_note":"","_exactmetrics_sitenote_category":0,"footnotes":""},"yoast_head":"<!-- This site is optimized with the Yoast SEO plugin v24.4 - https:\/\/yoast.com\/wordpress\/plugins\/seo\/ -->\n<title>Luxury Villas - Palacio del Mar - Luxury Condos &amp; Villas<\/title>\n<meta name=\"description\" content=\"Palacio del Mar has the most exclusive luxury Villas in Rosarito. Our private luxury villas deliver excellent details, materials, natural light &amp; ocean view\" \/>\n<meta name=\"robots\" content=\"index, follow, max-snippet:-1, max-image-preview:large, max-video-preview:-1\" \/>\n<link rel=\"canonical\" href=\"https:\/\/palaciodelmar.com\/es\/luxury-villas\/\" \/>\n<meta property=\"og:locale\" content=\"es_MX\" \/>\n<meta property=\"og:type\" content=\"article\" \/>\n<meta property=\"og:title\" content=\"Luxury Villas - Palacio del Mar - Luxury Condos &amp; Villas\" \/>\n<meta property=\"og:description\" content=\"Palacio del Mar has the most exclusive luxury Villas in Rosarito. Our private luxury villas deliver excellent details, materials, natural light &amp; ocean view\" \/>\n<meta property=\"og:url\" content=\"https:\/\/palaciodelmar.com\/es\/luxury-villas\/\" \/>\n<meta property=\"og:site_name\" content=\"Palacio del Mar - Luxury Condos &amp; Villas\" \/>\n<meta property=\"article:publisher\" content=\"https:\/\/www.facebook.com\/Palacio-del-Mar-716878848390985\" \/>\n<meta property=\"article:modified_time\" content=\"2025-09-11T14:50:30+00:00\" \/>\n<meta property=\"og:image\" content=\"https:\/\/palaciodelmar.com\/wp-content\/uploads\/2015\/04\/villa-10.jpg\" \/>\n<meta name=\"twitter:card\" content=\"summary_large_image\" \/>\n<meta name=\"twitter:label1\" content=\"Tiempo de lectura\" \/>\n\t<meta name=\"twitter:data1\" content=\"3 minutos\" \/>\n<script type=\"application\/ld+json\" class=\"yoast-schema-graph\">{\"@context\":\"https:\/\/schema.org\",\"@graph\":[{\"@type\":\"WebPage\",\"@id\":\"https:\/\/palaciodelmar.com\/luxury-villas\/\",\"url\":\"https:\/\/palaciodelmar.com\/luxury-villas\/\",\"name\":\"Luxury Villas - Palacio del Mar - Luxury Condos &amp; Villas\",\"isPartOf\":{\"@id\":\"https:\/\/palaciodelmar.com\/#website\"},\"primaryImageOfPage\":{\"@id\":\"https:\/\/palaciodelmar.com\/luxury-villas\/#primaryimage\"},\"image\":{\"@id\":\"https:\/\/palaciodelmar.com\/luxury-villas\/#primaryimage\"},\"thumbnailUrl\":\"https:\/\/palaciodelmar.com\/wp-content\/uploads\/2015\/04\/villa-10.jpg\",\"datePublished\":\"2015-04-09T17:14:47+00:00\",\"dateModified\":\"2025-09-11T14:50:30+00:00\",\"description\":\"Palacio del Mar has the most exclusive luxury Villas in Rosarito. Our private luxury villas deliver excellent details, materials, natural light & ocean view\",\"breadcrumb\":{\"@id\":\"https:\/\/palaciodelmar.com\/luxury-villas\/#breadcrumb\"},\"inLanguage\":\"es\",\"potentialAction\":[{\"@type\":\"ReadAction\",\"target\":[\"https:\/\/palaciodelmar.com\/luxury-villas\/\"]}]},{\"@type\":\"ImageObject\",\"inLanguage\":\"es\",\"@id\":\"https:\/\/palaciodelmar.com\/luxury-villas\/#primaryimage\",\"url\":\"https:\/\/palaciodelmar.com\/wp-content\/uploads\/2015\/04\/villa-10.jpg\",\"contentUrl\":\"https:\/\/palaciodelmar.com\/wp-content\/uploads\/2015\/04\/villa-10.jpg\"},{\"@type\":\"BreadcrumbList\",\"@id\":\"https:\/\/palaciodelmar.com\/luxury-villas\/#breadcrumb\",\"itemListElement\":[{\"@type\":\"ListItem\",\"position\":1,\"name\":\"Home\",\"item\":\"https:\/\/palaciodelmar.com\/\"},{\"@type\":\"ListItem\",\"position\":2,\"name\":\"Luxury Villas\"}]},{\"@type\":\"WebSite\",\"@id\":\"https:\/\/palaciodelmar.com\/#website\",\"url\":\"https:\/\/palaciodelmar.com\/\",\"name\":\"Palacio del Mar - Luxury Condos &amp; Villas\",\"description\":\"Luxury Condos &amp; Villas in Rosarito Beach, Mexico\",\"publisher\":{\"@id\":\"https:\/\/palaciodelmar.com\/#organization\"},\"potentialAction\":[{\"@type\":\"SearchAction\",\"target\":{\"@type\":\"EntryPoint\",\"urlTemplate\":\"https:\/\/palaciodelmar.com\/?s={search_term_string}\"},\"query-input\":{\"@type\":\"PropertyValueSpecification\",\"valueRequired\":true,\"valueName\":\"search_term_string\"}}],\"inLanguage\":\"es\"},{\"@type\":\"Organization\",\"@id\":\"https:\/\/palaciodelmar.com\/#organization\",\"name\":\"Palacio de Mar\",\"url\":\"https:\/\/palaciodelmar.com\/\",\"logo\":{\"@type\":\"ImageObject\",\"inLanguage\":\"es\",\"@id\":\"https:\/\/palaciodelmar.com\/#\/schema\/logo\/image\/\",\"url\":\"https:\/\/palaciodelmar.com\/wp-content\/uploads\/2015\/06\/Logo-Palacio-Condos-and-Villas-Large-for-Print.png\",\"contentUrl\":\"https:\/\/palaciodelmar.com\/wp-content\/uploads\/2015\/06\/Logo-Palacio-Condos-and-Villas-Large-for-Print.png\",\"width\":600,\"height\":290,\"caption\":\"Palacio de Mar\"},\"image\":{\"@id\":\"https:\/\/palaciodelmar.com\/#\/schema\/logo\/image\/\"},\"sameAs\":[\"https:\/\/www.facebook.com\/Palacio-del-Mar-716878848390985\"]}]}<\/script>\n<!-- \/ Yoast SEO plugin. -->","yoast_head_json":{"title":"Luxury Villas - Palacio del Mar - Luxury Condos &amp; Villas","description":"Palacio del Mar has the most exclusive luxury Villas in Rosarito. Our private luxury villas deliver excellent details, materials, natural light & ocean view","robots":{"index":"index","follow":"follow","max-snippet":"max-snippet:-1","max-image-preview":"max-image-preview:large","max-video-preview":"max-video-preview:-1"},"canonical":"https:\/\/palaciodelmar.com\/es\/luxury-villas\/","og_locale":"es_MX","og_type":"article","og_title":"Luxury Villas - Palacio del Mar - Luxury Condos &amp; Villas","og_description":"Palacio del Mar has the most exclusive luxury Villas in Rosarito. Our private luxury villas deliver excellent details, materials, natural light & ocean view","og_url":"https:\/\/palaciodelmar.com\/es\/luxury-villas\/","og_site_name":"Palacio del Mar - Luxury Condos &amp; Villas","article_publisher":"https:\/\/www.facebook.com\/Palacio-del-Mar-716878848390985","article_modified_time":"2025-09-11T14:50:30+00:00","og_image":[{"url":"https:\/\/palaciodelmar.com\/wp-content\/uploads\/2015\/04\/villa-10.jpg","type":"","width":"","height":""}],"twitter_card":"summary_large_image","twitter_misc":{"Tiempo de lectura":"3 minutos"},"schema":{"@context":"https:\/\/schema.org","@graph":[{"@type":"WebPage","@id":"https:\/\/palaciodelmar.com\/luxury-villas\/","url":"https:\/\/palaciodelmar.com\/luxury-villas\/","name":"Luxury Villas - Palacio del Mar - Luxury Condos &amp; Villas","isPartOf":{"@id":"https:\/\/palaciodelmar.com\/#website"},"primaryImageOfPage":{"@id":"https:\/\/palaciodelmar.com\/luxury-villas\/#primaryimage"},"image":{"@id":"https:\/\/palaciodelmar.com\/luxury-villas\/#primaryimage"},"thumbnailUrl":"https:\/\/palaciodelmar.com\/wp-content\/uploads\/2015\/04\/villa-10.jpg","datePublished":"2015-04-09T17:14:47+00:00","dateModified":"2025-09-11T14:50:30+00:00","description":"Palacio del Mar has the most exclusive luxury Villas in Rosarito. Our private luxury villas deliver excellent details, materials, natural light & ocean view","breadcrumb":{"@id":"https:\/\/palaciodelmar.com\/luxury-villas\/#breadcrumb"},"inLanguage":"es","potentialAction":[{"@type":"ReadAction","target":["https:\/\/palaciodelmar.com\/luxury-villas\/"]}]},{"@type":"ImageObject","inLanguage":"es","@id":"https:\/\/palaciodelmar.com\/luxury-villas\/#primaryimage","url":"https:\/\/palaciodelmar.com\/wp-content\/uploads\/2015\/04\/villa-10.jpg","contentUrl":"https:\/\/palaciodelmar.com\/wp-content\/uploads\/2015\/04\/villa-10.jpg"},{"@type":"BreadcrumbList","@id":"https:\/\/palaciodelmar.com\/luxury-villas\/#breadcrumb","itemListElement":[{"@type":"ListItem","position":1,"name":"Home","item":"https:\/\/palaciodelmar.com\/"},{"@type":"ListItem","position":2,"name":"Luxury Villas"}]},{"@type":"WebSite","@id":"https:\/\/palaciodelmar.com\/#website","url":"https:\/\/palaciodelmar.com\/","name":"Palacio del Mar - Luxury Condos &amp; Villas","description":"Luxury Condos &amp; Villas in Rosarito Beach, Mexico","publisher":{"@id":"https:\/\/palaciodelmar.com\/#organization"},"potentialAction":[{"@type":"SearchAction","target":{"@type":"EntryPoint","urlTemplate":"https:\/\/palaciodelmar.com\/?s={search_term_string}"},"query-input":{"@type":"PropertyValueSpecification","valueRequired":true,"valueName":"search_term_string"}}],"inLanguage":"es"},{"@type":"Organization","@id":"https:\/\/palaciodelmar.com\/#organization","name":"Palacio de Mar","url":"https:\/\/palaciodelmar.com\/","logo":{"@type":"ImageObject","inLanguage":"es","@id":"https:\/\/palaciodelmar.com\/#\/schema\/logo\/image\/","url":"https:\/\/palaciodelmar.com\/wp-content\/uploads\/2015\/06\/Logo-Palacio-Condos-and-Villas-Large-for-Print.png","contentUrl":"https:\/\/palaciodelmar.com\/wp-content\/uploads\/2015\/06\/Logo-Palacio-Condos-and-Villas-Large-for-Print.png","width":600,"height":290,"caption":"Palacio de Mar"},"image":{"@id":"https:\/\/palaciodelmar.com\/#\/schema\/logo\/image\/"},"sameAs":["https:\/\/www.facebook.com\/Palacio-del-Mar-716878848390985"]}]}},"_links":{"self":[{"href":"https:\/\/palaciodelmar.com\/es\/wp-json\/wp\/v2\/pages\/15"}],"collection":[{"href":"https:\/\/palaciodelmar.com\/es\/wp-json\/wp\/v2\/pages"}],"about":[{"href":"https:\/\/palaciodelmar.com\/es\/wp-json\/wp\/v2\/types\/page"}],"author":[{"embeddable":true,"href":"https:\/\/palaciodelmar.com\/es\/wp-json\/wp\/v2\/users\/1"}],"replies":[{"embeddable":true,"href":"https:\/\/palaciodelmar.com\/es\/wp-json\/wp\/v2\/comments?post=15"}],"version-history":[{"count":10,"href":"https:\/\/palaciodelmar.com\/es\/wp-json\/wp\/v2\/pages\/15\/revisions"}],"predecessor-version":[{"id":7594,"href":"https:\/\/palaciodelmar.com\/es\/wp-json\/wp\/v2\/pages\/15\/revisions\/7594"}],"wp:attachment":[{"href":"https:\/\/palaciodelmar.com\/es\/wp-json\/wp\/v2\/media?parent=15"}],"curies":[{"name":"wp","href":"https:\/\/api.w.org\/{rel}","templated":true}]}}