{"id":17,"date":"2015-04-09T17:15:03","date_gmt":"2015-04-09T17:15:03","guid":{"rendered":"http:\/\/palaciodelmar.com\/pm\/?page_id=17"},"modified":"2025-12-03T19:41:38","modified_gmt":"2025-12-03T19:41:38","slug":"amenities","status":"publish","type":"page","link":"https:\/\/palaciodelmar.com\/es\/amenities\/","title":{"rendered":"Amenidades"},"content":{"rendered":"<h3 class=\"wp-block-heading\">Las amenidades definen los bienes ra\u00edces de lujo<\/h3>\n\n\n\n<p class=\"has-medium-font-size\">Son las Amenidades en Palacio del Mar las que definen lo que son los bienes ra\u00edces de lujo en Baja en comparaci\u00f3n con los desarrollos inmobiliarios en general.<\/p>\n\n\n\n<p class=\"has-medium-font-size\">Por ejemplo, Palacio del Mar es la \u00fanica comunidad de la costa que cuenta con una gran piscina cubierta climatizada. Pero el Palacio del Mar fue un paso m\u00e1s all\u00e1 y lo termin\u00f3 con un piso de granito para la piscina, una terraza de granito, un enorme atrio de vidrio arriba para la luz natural, la hizo de tama\u00f1o semi-ol\u00edmpica y tambi\u00e9n encontr\u00f3 una manera de hacerlo frente al mar.<\/p>\n\n\n\n<p class=\"has-medium-font-size\">Otro ejemplo es que Palacio del Mar es el \u00fanico desarrollo en la costa que tiene una bah\u00eda separada para entregas de camiones y un elevador de servicio exclusivo.<\/p>\n\n\n\n<p class=\"has-medium-font-size\">Adem\u00e1s, la planta de tratamiento de agua, el sistema de ablandamiento de agua y el generador de respaldo para electricidad de Palacio del Mar son solo algunas de las muchas razones por las que Palacio del Mar define bienes ra\u00edces de lujo aqu\u00ed en nuestra costa de Baja California.<\/p>\n\n\n\n<p class=\"has-medium-font-size\">Consulte la lista de comodidades, caracter\u00edsticas internas y servicios para residentes.<\/p>\n\n\n\n<div style=\"height:50px\" aria-hidden=\"true\" class=\"wp-block-spacer\"><\/div>\n\n\n<style type=\"text\/css\">\n#foogallery-gallery-6045 .fg-image { width: 315px; }\n#foogallery-gallery-6045 { --fg-gutter: 10px; }<\/style>\n\t\t\t<div class=\"foogallery foogallery-container foogallery-default foogallery-lightbox-foogallery fg-center fg-default fg-ready fg-light fg-border-thin fg-shadow-outline fg-loading-default fg-loaded-fade-in fg-hover-scale fg-caption-hover fg-hover-fade fg-c-c\" id=\"foogallery-gallery-6045\" data-foogallery=\"{&quot;item&quot;:{&quot;showCaptionTitle&quot;:true,&quot;showCaptionDescription&quot;:true},&quot;lazy&quot;:true}\" style=\"--fg-title-line-clamp: 0; --fg-description-line-clamp: 0;\" >\n\t<div class=\"fg-item fg-type-image fg-idle\"><figure class=\"fg-item-inner\"><a data-caption-desc=\"Our elegant indoor pool has an all granite bottom and a glass top roof, for sunshine in the day and moonlight in the night.\" data-caption-title=\"BEATIFUL INDOOR POOL\" data-attachment-id=\"201\" data-type=\"image\" class=\"fg-thumb\"><span class=\"fg-image-wrap\"><img fetchpriority=\"high\" decoding=\"async\" alt=\"Palacio del Mar, Luxury Condos, Villas &amp; Spa in Rosarito Beach\" width=\"315\" height=\"214\" class=\"skip-lazy fg-image\" data-src-fg=\"https:\/\/palaciodelmar.com\/wp-content\/uploads\/cache\/2015\/04\/about_pdm_tbn03\/3498264570.jpg\" src=\"data:image\/svg+xml,%3Csvg%20xmlns%3D%22http%3A%2F%2Fwww.w3.org%2F2000%2Fsvg%22%20width%3D%22315%22%20height%3D%22214%22%20viewBox%3D%220%200%20315%20214%22%3E%3C%2Fsvg%3E\" loading=\"eager\"><\/span><span class=\"fg-image-overlay\"><\/span><\/a><figcaption class=\"fg-caption\"><div class=\"fg-caption-inner\"><div class=\"fg-caption-title\">BEATIFUL INDOOR POOL<\/div><div class=\"fg-caption-desc\">Our elegant indoor pool has an all granite bottom and a glass top roof, for sunshine in the day and moonlight in the night.<\/div><\/div><\/figcaption><\/figure><div class=\"fg-loader\"><\/div><\/div><div class=\"fg-item fg-type-image fg-idle\"><figure class=\"fg-item-inner\"><a data-caption-title=\"LARGE POOL AREA\" data-attachment-id=\"10752\" data-type=\"image\" class=\"fg-thumb\"><span class=\"fg-image-wrap\"><img decoding=\"async\" alt=\"Palacio del Mar, Luxury Condos, Villas &amp; Spa in Rosarito Beach\" width=\"315\" height=\"214\" class=\"skip-lazy fg-image\" data-src-fg=\"https:\/\/palaciodelmar.com\/wp-content\/uploads\/cache\/2023\/05\/palacio-del-mar-amenities-00b-420w240dpi\/3972657593.jpg\" src=\"data:image\/svg+xml,%3Csvg%20xmlns%3D%22http%3A%2F%2Fwww.w3.org%2F2000%2Fsvg%22%20width%3D%22315%22%20height%3D%22214%22%20viewBox%3D%220%200%20315%20214%22%3E%3C%2Fsvg%3E\" loading=\"eager\"><\/span><span class=\"fg-image-overlay\"><\/span><\/a><figcaption class=\"fg-caption\"><div class=\"fg-caption-inner\"><div class=\"fg-caption-title\">LARGE POOL AREA<\/div><\/div><\/figcaption><\/figure><div class=\"fg-loader\"><\/div><\/div><div class=\"fg-item fg-type-image fg-idle\"><figure class=\"fg-item-inner\"><a data-caption-title=\"OUTDOOR POOL\" data-caption-desc=\"Enjoy the warm sunny days in the outdoor pool.\" data-attachment-id=\"10753\" data-type=\"image\" class=\"fg-thumb\"><span class=\"fg-image-wrap\"><img decoding=\"async\" alt=\"Palacio del Mar, Luxury Condos, Villas &amp; Spa in Rosarito Beach\" title=\"Enjoy the warm sunny days in the outdoor pool.\" width=\"315\" height=\"214\" class=\"skip-lazy fg-image\" data-src-fg=\"https:\/\/palaciodelmar.com\/wp-content\/uploads\/cache\/2023\/05\/palacio-del-mar-amenities-03-420w300dpi\/2435412814.jpg\" src=\"data:image\/svg+xml,%3Csvg%20xmlns%3D%22http%3A%2F%2Fwww.w3.org%2F2000%2Fsvg%22%20width%3D%22315%22%20height%3D%22214%22%20viewBox%3D%220%200%20315%20214%22%3E%3C%2Fsvg%3E\" loading=\"eager\"><\/span><span class=\"fg-image-overlay\"><\/span><\/a><figcaption class=\"fg-caption\"><div class=\"fg-caption-inner\"><div class=\"fg-caption-title\">OUTDOOR POOL<\/div><div class=\"fg-caption-desc\">Enjoy the warm sunny days in the outdoor pool.<\/div><\/div><\/figcaption><\/figure><div class=\"fg-loader\"><\/div><\/div><div class=\"fg-item fg-type-image fg-idle\"><figure class=\"fg-item-inner\"><a data-caption-desc=\"Weightlifters or cardio junkies really enjoy working out in our state-of-the-art fitness center where you can train while looking out over the shining Pacific Ocean.\" data-caption-title=\"FITNESS CENTER\" data-attachment-id=\"211\" data-type=\"image\" class=\"fg-thumb\"><span class=\"fg-image-wrap\"><img decoding=\"async\" alt=\"Palacio del Mar, Luxury Condos, Villas &amp; Spa in Rosarito Beach\" width=\"315\" height=\"214\" class=\"skip-lazy fg-image\" data-src-fg=\"https:\/\/palaciodelmar.com\/wp-content\/uploads\/cache\/2015\/04\/fitness_ctr_tbn\/1383640017.jpg\" src=\"data:image\/svg+xml,%3Csvg%20xmlns%3D%22http%3A%2F%2Fwww.w3.org%2F2000%2Fsvg%22%20width%3D%22315%22%20height%3D%22214%22%20viewBox%3D%220%200%20315%20214%22%3E%3C%2Fsvg%3E\" loading=\"eager\"><\/span><span class=\"fg-image-overlay\"><\/span><\/a><figcaption class=\"fg-caption\"><div class=\"fg-caption-inner\"><div class=\"fg-caption-title\">FITNESS CENTER<\/div><div class=\"fg-caption-desc\">Weightlifters or cardio junkies really enjoy working out in our state-of-the-art fitness center where you can train while looking out over the shining Pacific Ocean.<\/div><\/div><\/figcaption><\/figure><div class=\"fg-loader\"><\/div><\/div><div class=\"fg-item fg-type-image fg-idle\"><figure class=\"fg-item-inner\"><a data-caption-desc=\"Owners and their guests gather in the spacious theater to screen movies and watch their favorite sporting events on the big screen.\" data-caption-title=\"SPACIOUS MOVIE THEATER\" data-attachment-id=\"212\" data-type=\"image\" class=\"fg-thumb\"><span class=\"fg-image-wrap\"><img decoding=\"async\" alt=\"Palacio del Mar, Luxury Condos, Villas &amp; Spa in Rosarito Beach\" width=\"315\" height=\"214\" class=\"skip-lazy fg-image\" data-src-fg=\"https:\/\/palaciodelmar.com\/wp-content\/uploads\/cache\/2015\/04\/theater_tbn\/489096782.jpg\" src=\"data:image\/svg+xml,%3Csvg%20xmlns%3D%22http%3A%2F%2Fwww.w3.org%2F2000%2Fsvg%22%20width%3D%22315%22%20height%3D%22214%22%20viewBox%3D%220%200%20315%20214%22%3E%3C%2Fsvg%3E\" loading=\"eager\"><\/span><span class=\"fg-image-overlay\"><\/span><\/a><figcaption class=\"fg-caption\"><div class=\"fg-caption-inner\"><div class=\"fg-caption-title\">SPACIOUS MOVIE THEATER<\/div><div class=\"fg-caption-desc\">Owners and their guests gather in the spacious theater to screen movies and watch their favorite sporting events on the big screen.<\/div><\/div><\/figcaption><\/figure><div class=\"fg-loader\"><\/div><\/div><div class=\"fg-item fg-type-image fg-idle\"><figure class=\"fg-item-inner\"><a data-caption-title=\"BIOMETRIC-ACCESS ELEVATORS\" data-caption-desc=\"An advanced face-recognition security system ensures controlled access complements the 24\/7 manned security gate.\" data-attachment-id=\"10754\" data-type=\"image\" class=\"fg-thumb\"><span class=\"fg-image-wrap\"><img decoding=\"async\" alt=\"Palacio del Mar, Luxury Condos, Villas &amp; Spa in Rosarito Beach\" title=\"An advanced face-recognition security system ensures controlled access complements the 24\/7 manned security gate.\" width=\"315\" height=\"214\" class=\"skip-lazy fg-image\" data-src-fg=\"https:\/\/palaciodelmar.com\/wp-content\/uploads\/cache\/2023\/05\/palacio-del-mar-marbella-tower-elevators-00-420w300dpi\/2441068348.jpg\" src=\"data:image\/svg+xml,%3Csvg%20xmlns%3D%22http%3A%2F%2Fwww.w3.org%2F2000%2Fsvg%22%20width%3D%22315%22%20height%3D%22214%22%20viewBox%3D%220%200%20315%20214%22%3E%3C%2Fsvg%3E\" loading=\"eager\"><\/span><span class=\"fg-image-overlay\"><\/span><\/a><figcaption class=\"fg-caption\"><div class=\"fg-caption-inner\"><div class=\"fg-caption-title\">BIOMETRIC-ACCESS ELEVATORS<\/div><div class=\"fg-caption-desc\">An advanced face-recognition security system ensures controlled access complements the 24\/7 manned security gate.<\/div><\/div><\/figcaption><\/figure><div class=\"fg-loader\"><\/div><\/div><div class=\"fg-item fg-type-image fg-idle\"><figure class=\"fg-item-inner\"><a data-caption-title=\"SPACIOUS LOUNGE AREA\" data-caption-desc=\"Enjoy time at Palacio del Mar, both inside and outside your condo, in the lavish common areas.\" data-attachment-id=\"10755\" data-type=\"image\" class=\"fg-thumb\"><span class=\"fg-image-wrap\"><img decoding=\"async\" alt=\"Palacio del Mar, Luxury Condos, Villas &amp; Spa in Rosarito Beach\" title=\"Enjoy time at Palacio del Mar, both inside and outside your condo, in the lavish common areas.\" width=\"315\" height=\"214\" class=\"skip-lazy fg-image\" data-src-fg=\"https:\/\/palaciodelmar.com\/wp-content\/uploads\/cache\/2023\/05\/palacio-del-mar-marbella-tower-lounge-00-420w300dpi\/3937233924.jpg\" src=\"data:image\/svg+xml,%3Csvg%20xmlns%3D%22http%3A%2F%2Fwww.w3.org%2F2000%2Fsvg%22%20width%3D%22315%22%20height%3D%22214%22%20viewBox%3D%220%200%20315%20214%22%3E%3C%2Fsvg%3E\" loading=\"eager\"><\/span><span class=\"fg-image-overlay\"><\/span><\/a><figcaption class=\"fg-caption\"><div class=\"fg-caption-inner\"><div class=\"fg-caption-title\">SPACIOUS LOUNGE AREA<\/div><div class=\"fg-caption-desc\">Enjoy time at Palacio del Mar, both inside and outside your condo, in the lavish common areas.<\/div><\/div><\/figcaption><\/figure><div class=\"fg-loader\"><\/div><\/div><div class=\"fg-item fg-type-image fg-idle\"><figure class=\"fg-item-inner\"><a data-caption-title=\"HELP DESK AT THE FOYER\" data-caption-desc=\"Concierge services are available at Palacio del Mar\u2019s lobby.\" data-attachment-id=\"10756\" data-type=\"image\" class=\"fg-thumb\"><span class=\"fg-image-wrap\"><img decoding=\"async\" title=\"Concierge services are available at Palacio del Mar\u2019s lobby.\" width=\"315\" height=\"214\" class=\"skip-lazy fg-image\" data-src-fg=\"https:\/\/palaciodelmar.com\/wp-content\/uploads\/cache\/2023\/05\/palacio-del-mar-marbella-tower-lounge-02D-420w300dpi\/3831417301.jpg\" src=\"data:image\/svg+xml,%3Csvg%20xmlns%3D%22http%3A%2F%2Fwww.w3.org%2F2000%2Fsvg%22%20width%3D%22315%22%20height%3D%22214%22%20viewBox%3D%220%200%20315%20214%22%3E%3C%2Fsvg%3E\" loading=\"eager\"><\/span><span class=\"fg-image-overlay\"><\/span><\/a><figcaption class=\"fg-caption\"><div class=\"fg-caption-inner\"><div class=\"fg-caption-title\">HELP DESK AT THE FOYER<\/div><div class=\"fg-caption-desc\">Concierge services are available at Palacio del Mar\u2019s lobby.<\/div><\/div><\/figcaption><\/figure><div class=\"fg-loader\"><\/div><\/div><\/div>\n\n\n\n<div style=\"height:50px\" aria-hidden=\"true\" class=\"wp-block-spacer\"><\/div>\n\n\n\n<h3 class=\"wp-block-heading\">Amenidades<\/h3>\n\n\n\n<ul class=\"has-medium-font-size\">\n<li>Escaleras privadas hasta el oc\u00e9ano.<\/li>\n\n\n\n<li>La piscina infinity m\u00e1s grande<\/li>\n\n\n\n<li>Amplia zona de piscina<\/li>\n\n\n\n<li>Piscina cubierta sem-ol\u00edmpica, climatizada a 26\u00b0, bajo un atrio de cristal: un espacio excelente.<\/li>\n\n\n\n<li>Gran spa estilo jacuzzi climatizado<\/li>\n\n\n\n<li>Piscina exclusiva para ni\u00f1os<\/li>\n\n\n\n<li>Gimnasio frente al mar repleto de equipos<\/li>\n\n\n\n<li>Instalaciones de spa con sauna para \u00e9l y para ella y ba\u00f1o de vapor, vestuario y duchas completas de granito.<\/li>\n\n\n\n<li>Cancha de tenis, iluminada<\/li>\n\n\n\n<li>Cancha de baloncesto<\/li>\n\n\n\n<li>Dos grandes \u00e1reas de barbacoa, cada una equipada con una gran barra de granito, asientos y palapa para dar sombra.<\/li>\n\n\n\n<li>Saloon with private bar, pool tables, a large flat screen TV, wood flooring, full wall of glass, Wi-Fi, and kitchenette area for serving your guests.&nbsp; Yes, you can bring your own drinks.<\/li>\n\n\n\n<li>Cine para 30 personas con sonido envolvente con pantalla grande y conexi\u00f3n satelital HD.<\/li>\n\n\n\n<li>Amplia sala de estar con chimenea, asientos, mesa de juego, pared de vidrio y wifi.<\/li>\n\n\n\n<li>Seguridad las 24 horas<\/li>\n\n\n\n<li>Entrada Principal con guardias de servicio.<\/li>\n<\/ul>\n\n\n\n<div style=\"height:50px\" aria-hidden=\"true\" class=\"wp-block-spacer\"><\/div>\n\n\n\n<h3 class=\"wp-block-heading\">Virtual Tour of the Amenities<\/h3>\n\n\n\n<iframe loading=\"lazy\" src=\"https:\/\/www.panoramex.net\/palaciodelmar\/amenities\/\" width=\"100%\" height=\"500\" frameborder=\"0\" allowfullscreen><\/iframe>\n\n\n\n<div style=\"height:50px\" aria-hidden=\"true\" class=\"wp-block-spacer\"><\/div>\n\n\n\n<h3 class=\"wp-block-heading\">Bajo el cap\u00f3<\/h3>\n\n\n\n<p class=\"has-medium-font-size\">Estas son las comodidades que no ves en Palacio del Mar pero que puedes disfrutar. Aqu\u00ed hay una lista:<\/p>\n\n\n\n<ul class=\"has-medium-font-size\">\n<li>Sistema de ablandamiento de agua con potasio.<\/li>\n\n\n\n<li>Generador para dar energ\u00eda a todo el edificio si se corta la electricidad.<\/li>\n\n\n\n<li>Large refrigeration system to store trash to avoid smells and bugs.&nbsp; All the trash shoots on each level feed into this system.<\/li>\n\n\n\n<li>Planta potabilizadora para valorizaci\u00f3n de aguas grises, discretas y muy bien ajardinadas.<\/li>\n\n\n\n<li>Un \u00e1rea de entrega de camiones exclusiva separada del vest\u00edbulo principal y de la v\u00eda principal de entrada de veh\u00edculos.<\/li>\n\n\n\n<li>Un ascensor de tama\u00f1o comercial exclusivo para recibir muebles y materiales.<\/li>\n\n\n\n<li>Almacenamiento de agua adicional en caso de un corte de corta duraci\u00f3n.<\/li>\n\n\n\n<li>Ba\u00f1os exclusivos para empleados.<\/li>\n<\/ul>\n\n\n\n<div style=\"height:50px\" aria-hidden=\"true\" class=\"wp-block-spacer\"><\/div>\n\n\n\n<h3 class=\"wp-block-heading\">Servicios para residentes<\/h3>\n\n\n\n<ul class=\"has-medium-font-size\">\n<li>Mesa de ayuda en el vest\u00edbulo.<\/li>\n\n\n\n<li>Buzones de correo del propietario en recepci\u00f3n.<\/li>\n\n\n\n<li>Transportation Services.&nbsp; Use of private Palacio del Mar van for transportation with driver included with access to San Diego and Tijuana airports, Rosarito shopping, Guadalupe Valley, dinner transportation, and more.<\/li>\n\n\n\n<li>Reservaciones para proyecciones de pel\u00edculas o eventos deportivos en el cine de las instalaciones.<\/li>\n\n\n\n<li>Reservas para el sal\u00f3n en el lugar para reuniones especiales de propietarios.<\/li>\n\n\n\n<li>Gesti\u00f3n de la Asociaci\u00f3n en sitio.<\/li>\n\n\n\n<li>Centro de negocios en el lugar.<\/li>\n\n\n\n<li>Acceso a Internet Wifi en el vest\u00edbulo, sal\u00f3n, sala de estar y vest\u00edbulo.<\/li>\n\n\n\n<li>24 hour entry control at front gate.&nbsp; Assign who you would like to enter to visit you.<\/li>\n<\/ul>\n\n\n\n<div class=\"wp-block-columns is-layout-flex wp-container-core-columns-is-layout-1 wp-block-columns-is-layout-flex\">\n<div class=\"wp-block-column is-layout-flow wp-block-column-is-layout-flow\"><\/div>\n<\/div>","protected":false},"excerpt":{"rendered":"<p>Amenities Define Luxury Real Estate It is the Amenities at Palacio del Mar that define what luxury real estate is in Baja compared to real estate developments in general. For &#8230;<\/p>","protected":false},"author":1,"featured_media":0,"parent":0,"menu_order":0,"comment_status":"closed","ping_status":"closed","template":"","meta":{"_exactmetrics_skip_tracking":false,"_exactmetrics_sitenote_active":false,"_exactmetrics_sitenote_note":"","_exactmetrics_sitenote_category":0,"footnotes":""},"yoast_head":"<!-- This site is optimized with the Yoast SEO plugin v24.4 - https:\/\/yoast.com\/wordpress\/plugins\/seo\/ -->\n<title>Amenities - Palacio del Mar - Luxury Condos &amp; Villas<\/title>\n<meta name=\"robots\" content=\"index, follow, max-snippet:-1, max-image-preview:large, max-video-preview:-1\" \/>\n<link rel=\"canonical\" href=\"https:\/\/palaciodelmar.com\/es\/amenities\/\" \/>\n<meta property=\"og:locale\" content=\"es_MX\" \/>\n<meta property=\"og:type\" content=\"article\" \/>\n<meta property=\"og:title\" content=\"Amenities - Palacio del Mar - Luxury Condos &amp; Villas\" \/>\n<meta property=\"og:description\" content=\"Amenities Define Luxury Real Estate It is the Amenities at Palacio del Mar that define what luxury real estate is in Baja compared to real estate developments in general. For ...\" \/>\n<meta property=\"og:url\" content=\"https:\/\/palaciodelmar.com\/es\/amenities\/\" \/>\n<meta property=\"og:site_name\" content=\"Palacio del Mar - Luxury Condos &amp; Villas\" \/>\n<meta property=\"article:publisher\" content=\"https:\/\/www.facebook.com\/Palacio-del-Mar-716878848390985\" \/>\n<meta property=\"article:modified_time\" content=\"2025-12-03T19:41:38+00:00\" \/>\n<meta name=\"twitter:card\" content=\"summary_large_image\" \/>\n<meta name=\"twitter:label1\" content=\"Tiempo de lectura\" \/>\n\t<meta name=\"twitter:data1\" content=\"3 minutos\" \/>\n<script type=\"application\/ld+json\" class=\"yoast-schema-graph\">{\"@context\":\"https:\/\/schema.org\",\"@graph\":[{\"@type\":\"WebPage\",\"@id\":\"https:\/\/palaciodelmar.com\/amenities\/\",\"url\":\"https:\/\/palaciodelmar.com\/amenities\/\",\"name\":\"Amenities - Palacio del Mar - Luxury Condos &amp; Villas\",\"isPartOf\":{\"@id\":\"https:\/\/palaciodelmar.com\/#website\"},\"datePublished\":\"2015-04-09T17:15:03+00:00\",\"dateModified\":\"2025-12-03T19:41:38+00:00\",\"breadcrumb\":{\"@id\":\"https:\/\/palaciodelmar.com\/amenities\/#breadcrumb\"},\"inLanguage\":\"es\",\"potentialAction\":[{\"@type\":\"ReadAction\",\"target\":[\"https:\/\/palaciodelmar.com\/amenities\/\"]}]},{\"@type\":\"BreadcrumbList\",\"@id\":\"https:\/\/palaciodelmar.com\/amenities\/#breadcrumb\",\"itemListElement\":[{\"@type\":\"ListItem\",\"position\":1,\"name\":\"Home\",\"item\":\"https:\/\/palaciodelmar.com\/\"},{\"@type\":\"ListItem\",\"position\":2,\"name\":\"Amenities\"}]},{\"@type\":\"WebSite\",\"@id\":\"https:\/\/palaciodelmar.com\/#website\",\"url\":\"https:\/\/palaciodelmar.com\/\",\"name\":\"Palacio del Mar - Luxury Condos &amp; Villas\",\"description\":\"Luxury Condos &amp; Villas in Rosarito Beach, Mexico\",\"publisher\":{\"@id\":\"https:\/\/palaciodelmar.com\/#organization\"},\"potentialAction\":[{\"@type\":\"SearchAction\",\"target\":{\"@type\":\"EntryPoint\",\"urlTemplate\":\"https:\/\/palaciodelmar.com\/?s={search_term_string}\"},\"query-input\":{\"@type\":\"PropertyValueSpecification\",\"valueRequired\":true,\"valueName\":\"search_term_string\"}}],\"inLanguage\":\"es\"},{\"@type\":\"Organization\",\"@id\":\"https:\/\/palaciodelmar.com\/#organization\",\"name\":\"Palacio de Mar\",\"url\":\"https:\/\/palaciodelmar.com\/\",\"logo\":{\"@type\":\"ImageObject\",\"inLanguage\":\"es\",\"@id\":\"https:\/\/palaciodelmar.com\/#\/schema\/logo\/image\/\",\"url\":\"https:\/\/palaciodelmar.com\/wp-content\/uploads\/2015\/06\/Logo-Palacio-Condos-and-Villas-Large-for-Print.png\",\"contentUrl\":\"https:\/\/palaciodelmar.com\/wp-content\/uploads\/2015\/06\/Logo-Palacio-Condos-and-Villas-Large-for-Print.png\",\"width\":600,\"height\":290,\"caption\":\"Palacio de Mar\"},\"image\":{\"@id\":\"https:\/\/palaciodelmar.com\/#\/schema\/logo\/image\/\"},\"sameAs\":[\"https:\/\/www.facebook.com\/Palacio-del-Mar-716878848390985\"]}]}<\/script>\n<!-- \/ Yoast SEO plugin. -->","yoast_head_json":{"title":"Amenities - Palacio del Mar - Luxury Condos &amp; Villas","robots":{"index":"index","follow":"follow","max-snippet":"max-snippet:-1","max-image-preview":"max-image-preview:large","max-video-preview":"max-video-preview:-1"},"canonical":"https:\/\/palaciodelmar.com\/es\/amenities\/","og_locale":"es_MX","og_type":"article","og_title":"Amenities - Palacio del Mar - Luxury Condos &amp; Villas","og_description":"Amenities Define Luxury Real Estate It is the Amenities at Palacio del Mar that define what luxury real estate is in Baja compared to real estate developments in general. For ...","og_url":"https:\/\/palaciodelmar.com\/es\/amenities\/","og_site_name":"Palacio del Mar - Luxury Condos &amp; Villas","article_publisher":"https:\/\/www.facebook.com\/Palacio-del-Mar-716878848390985","article_modified_time":"2025-12-03T19:41:38+00:00","twitter_card":"summary_large_image","twitter_misc":{"Tiempo de lectura":"3 minutos"},"schema":{"@context":"https:\/\/schema.org","@graph":[{"@type":"WebPage","@id":"https:\/\/palaciodelmar.com\/amenities\/","url":"https:\/\/palaciodelmar.com\/amenities\/","name":"Amenities - Palacio del Mar - Luxury Condos &amp; Villas","isPartOf":{"@id":"https:\/\/palaciodelmar.com\/#website"},"datePublished":"2015-04-09T17:15:03+00:00","dateModified":"2025-12-03T19:41:38+00:00","breadcrumb":{"@id":"https:\/\/palaciodelmar.com\/amenities\/#breadcrumb"},"inLanguage":"es","potentialAction":[{"@type":"ReadAction","target":["https:\/\/palaciodelmar.com\/amenities\/"]}]},{"@type":"BreadcrumbList","@id":"https:\/\/palaciodelmar.com\/amenities\/#breadcrumb","itemListElement":[{"@type":"ListItem","position":1,"name":"Home","item":"https:\/\/palaciodelmar.com\/"},{"@type":"ListItem","position":2,"name":"Amenities"}]},{"@type":"WebSite","@id":"https:\/\/palaciodelmar.com\/#website","url":"https:\/\/palaciodelmar.com\/","name":"Palacio del Mar - Luxury Condos &amp; Villas","description":"Luxury Condos &amp; Villas in Rosarito Beach, Mexico","publisher":{"@id":"https:\/\/palaciodelmar.com\/#organization"},"potentialAction":[{"@type":"SearchAction","target":{"@type":"EntryPoint","urlTemplate":"https:\/\/palaciodelmar.com\/?s={search_term_string}"},"query-input":{"@type":"PropertyValueSpecification","valueRequired":true,"valueName":"search_term_string"}}],"inLanguage":"es"},{"@type":"Organization","@id":"https:\/\/palaciodelmar.com\/#organization","name":"Palacio de Mar","url":"https:\/\/palaciodelmar.com\/","logo":{"@type":"ImageObject","inLanguage":"es","@id":"https:\/\/palaciodelmar.com\/#\/schema\/logo\/image\/","url":"https:\/\/palaciodelmar.com\/wp-content\/uploads\/2015\/06\/Logo-Palacio-Condos-and-Villas-Large-for-Print.png","contentUrl":"https:\/\/palaciodelmar.com\/wp-content\/uploads\/2015\/06\/Logo-Palacio-Condos-and-Villas-Large-for-Print.png","width":600,"height":290,"caption":"Palacio de Mar"},"image":{"@id":"https:\/\/palaciodelmar.com\/#\/schema\/logo\/image\/"},"sameAs":["https:\/\/www.facebook.com\/Palacio-del-Mar-716878848390985"]}]}},"_links":{"self":[{"href":"https:\/\/palaciodelmar.com\/es\/wp-json\/wp\/v2\/pages\/17"}],"collection":[{"href":"https:\/\/palaciodelmar.com\/es\/wp-json\/wp\/v2\/pages"}],"about":[{"href":"https:\/\/palaciodelmar.com\/es\/wp-json\/wp\/v2\/types\/page"}],"author":[{"embeddable":true,"href":"https:\/\/palaciodelmar.com\/es\/wp-json\/wp\/v2\/users\/1"}],"replies":[{"embeddable":true,"href":"https:\/\/palaciodelmar.com\/es\/wp-json\/wp\/v2\/comments?post=17"}],"version-history":[{"count":10,"href":"https:\/\/palaciodelmar.com\/es\/wp-json\/wp\/v2\/pages\/17\/revisions"}],"predecessor-version":[{"id":10750,"href":"https:\/\/palaciodelmar.com\/es\/wp-json\/wp\/v2\/pages\/17\/revisions\/10750"}],"wp:attachment":[{"href":"https:\/\/palaciodelmar.com\/es\/wp-json\/wp\/v2\/media?parent=17"}],"curies":[{"name":"wp","href":"https:\/\/api.w.org\/{rel}","templated":true}]}}