{"id":19,"date":"2015-04-09T17:15:21","date_gmt":"2015-04-09T17:15:21","guid":{"rendered":"http:\/\/palaciodelmar.com\/pm\/?page_id=19"},"modified":"2025-09-11T16:00:16","modified_gmt":"2025-09-11T16:00:16","slug":"about-the-developer","status":"publish","type":"page","link":"https:\/\/palaciodelmar.com\/es\/about-the-developer\/","title":{"rendered":"Acerca del Desarrollador - Corporativo Mexdesa"},"content":{"rendered":"<h1 class=\"wp-block-heading\">Acerca del Desarrollador - Corporativo Mexdesa<\/h1>\n\n\n\n<div style=\"height:20px\" aria-hidden=\"true\" class=\"wp-block-spacer\"><\/div>\n\n\n\n<div class=\"wp-block-media-text alignwide is-stacked-on-mobile custom-shadow\"><figure class=\"wp-block-media-text__media\"><img loading=\"lazy\" decoding=\"async\" width=\"681\" height=\"385\" src=\"https:\/\/palaciodelmar.com\/wp-content\/uploads\/2024\/04\/developer-palacio-del-mar.jpg\" alt=\"\" class=\"wp-image-7092 size-full\" srcset=\"https:\/\/palaciodelmar.com\/wp-content\/uploads\/2024\/04\/developer-palacio-del-mar.jpg 681w, https:\/\/palaciodelmar.com\/wp-content\/uploads\/2024\/04\/developer-palacio-del-mar-300x170.jpg 300w\" sizes=\"(max-width: 681px) 100vw, 681px\" \/><\/figure><div class=\"wp-block-media-text__content\">\n<p class=\"block-pdm-content pdm-page-content block-pdm-content-no-indent { has-medium-font-size\">Corporativo Mexdesa es una empresa l\u00edder en el desarrollo inmobiliario con sede en M\u00e9xico. Durante los \u00faltimos 30 a\u00f1os, hemos desarrollado un portafolio de m\u00e1s de 26 proyectos a gran escala que incluyen complejos residenciales, condominios de lujo, oficinas corporativas y espacios comerciales.<\/p>\n<\/div><\/div>\n\n\n\n<div style=\"height:20px\" aria-hidden=\"true\" class=\"wp-block-spacer\"><\/div>\n\n\n\n<p class=\"block-pdm-content pdm-page-content has-medium-font-size\">Nos apasiona el dise\u00f1o y la construcci\u00f3n. Nos especializamos en crear proyectos impresionantes que mejoran la calidad de vida de nuestros clientes. Nuestra misi\u00f3n es superar las expectativas de nuestros clientes al ofrecer un servicio y resultados excepcionales. Nuestro compromiso con la excelencia se refleja en todo lo que hacemos, desde el dise\u00f1o inicial hasta la construcci\u00f3n final. En Corporativo Mexdesa, estamos dedicados a crear espacios que inspiran y transforman.<\/p>\n\n\n\n<div style=\"height:20px\" aria-hidden=\"true\" class=\"wp-block-spacer\"><\/div>\n\n\n<div class=\"wp-block-image custom-shadow\">\n<figure class=\"aligncenter size-large\"><img loading=\"lazy\" decoding=\"async\" width=\"683\" height=\"382\" src=\"https:\/\/palaciodelmar.com\/wp-content\/uploads\/2024\/04\/ABOUT-GRUPO-MEXDESA.png\" alt=\"\" class=\"wp-image-7093\" srcset=\"https:\/\/palaciodelmar.com\/wp-content\/uploads\/2024\/04\/ABOUT-GRUPO-MEXDESA.png 683w, https:\/\/palaciodelmar.com\/wp-content\/uploads\/2024\/04\/ABOUT-GRUPO-MEXDESA-300x168.png 300w\" sizes=\"(max-width: 683px) 100vw, 683px\" \/><\/figure><\/div>\n\n\n<div style=\"height:20px\" aria-hidden=\"true\" class=\"wp-block-spacer\"><\/div>\n\n\n\n<p class=\"block-pdm-content pdm-page-content has-medium-font-size\">Al final del d\u00eda, nuestro trabajo consiste en preocuparnos por las personas: c\u00f3mo viven, trabajan, se divierten, entretienen y relajan. Nuestras propiedades son un reflejo de nuestro compromiso con la excelencia. Para ver ejemplos de nuestros otros proyectos, puedes visitar <a href=\"https:\/\/mexdesa.com\/\" target=\"_blank\" rel=\"noreferrer noopener\">Corporativo Mexdesa<\/a>.<\/p>\n\n\n\n<div style=\"height:20px\" aria-hidden=\"true\" class=\"wp-block-spacer\"><\/div>\n\n\n\n<h3 class=\"wp-block-heading\"><strong>Proyecciones Futuras<\/strong><\/h3>\n\n\n\n<p class=\"block-pdm-content pdm-page-content block-pdm-content-no-indent { has-medium-font-size\">Los planes para la propiedad de <a href=\"https:\/\/palaciodelmar.com\/es\/\">Palacio del Mar<\/a> incluyen un total de cuatro torres de condominios de lujo y doce villas de lujo frente al mar.&nbsp;<\/p>\n\n\n\n<p class=\"block-pdm-content pdm-page-content block-pdm-content-no-indent { has-medium-font-size\"><a href=\"https:\/\/palaciodelmar.com\/es\/tower-ii-prices-and-availability\/\">La Torre Marbella<\/a>, que es la segunda torre, \u00a1ha sido terminada recientemente y los primeros propietarios ya se han mudado! Cont\u00e1ctanos para obtener m\u00e1s informaci\u00f3n sobre la compra de un nuevo condominio en la Torre 2 \u2013 Marbella.<\/p>\n\n\n\n<p class=\"block-pdm-content pdm-page-content block-pdm-content-no-indent { has-medium-font-size\">Las torres tres y cuatro se completar\u00e1n en el futuro, as\u00ed como seis villas m\u00e1s frente al mar.<\/p>","protected":false},"excerpt":{"rendered":"<p>About the Developer &#8211; Corporativo Mexdesa Corporativo Mexdesa is a leading real estate development company based in Mexico. Over the past 30 years, we have developed a portfolio of over &#8230;<\/p>","protected":false},"author":1,"featured_media":0,"parent":0,"menu_order":0,"comment_status":"closed","ping_status":"closed","template":"","meta":{"_exactmetrics_skip_tracking":false,"_exactmetrics_sitenote_active":false,"_exactmetrics_sitenote_note":"","_exactmetrics_sitenote_category":0,"footnotes":""},"yoast_head":"<!-- This site is optimized with the Yoast SEO plugin v24.4 - https:\/\/yoast.com\/wordpress\/plugins\/seo\/ -->\n<title>About the Developer - Corporativo Mexdesa - Palacio del Mar - Luxury Condos &amp; Villas<\/title>\n<meta name=\"description\" content=\"Corporativo Mexdesa is a leading real estate development company based in Mexico. Plans for the Palacio del Mar property include a total of four luxury condominium towers and twelve luxury oceanfront villas.\" \/>\n<meta name=\"robots\" content=\"index, follow, max-snippet:-1, max-image-preview:large, max-video-preview:-1\" \/>\n<link rel=\"canonical\" href=\"https:\/\/palaciodelmar.com\/es\/about-the-developer\/\" \/>\n<meta property=\"og:locale\" content=\"es_MX\" \/>\n<meta property=\"og:type\" content=\"article\" \/>\n<meta property=\"og:title\" content=\"About the Developer - Corporativo Mexdesa - Palacio del Mar - Luxury Condos &amp; Villas\" \/>\n<meta property=\"og:description\" content=\"Corporativo Mexdesa is a leading real estate development company based in Mexico. Plans for the Palacio del Mar property include a total of four luxury condominium towers and twelve luxury oceanfront villas.\" \/>\n<meta property=\"og:url\" content=\"https:\/\/palaciodelmar.com\/es\/about-the-developer\/\" \/>\n<meta property=\"og:site_name\" content=\"Palacio del Mar - Luxury Condos &amp; Villas\" \/>\n<meta property=\"article:publisher\" content=\"https:\/\/www.facebook.com\/Palacio-del-Mar-716878848390985\" \/>\n<meta property=\"article:modified_time\" content=\"2025-09-11T16:00:16+00:00\" \/>\n<meta property=\"og:image\" content=\"https:\/\/palaciodelmar.com\/wp-content\/uploads\/2024\/04\/developer-palacio-del-mar.jpg\" \/>\n\t<meta property=\"og:image:width\" content=\"681\" \/>\n\t<meta property=\"og:image:height\" content=\"385\" \/>\n\t<meta property=\"og:image:type\" content=\"image\/jpeg\" \/>\n<meta name=\"twitter:card\" content=\"summary_large_image\" \/>\n<meta name=\"twitter:label1\" content=\"Tiempo de lectura\" \/>\n\t<meta name=\"twitter:data1\" content=\"2 minutos\" \/>\n<script type=\"application\/ld+json\" class=\"yoast-schema-graph\">{\"@context\":\"https:\/\/schema.org\",\"@graph\":[{\"@type\":[\"WebPage\",\"AboutPage\"],\"@id\":\"https:\/\/palaciodelmar.com\/about-the-developer\/\",\"url\":\"https:\/\/palaciodelmar.com\/about-the-developer\/\",\"name\":\"About the Developer - Corporativo Mexdesa - Palacio del Mar - Luxury Condos &amp; Villas\",\"isPartOf\":{\"@id\":\"https:\/\/palaciodelmar.com\/#website\"},\"primaryImageOfPage\":{\"@id\":\"https:\/\/palaciodelmar.com\/about-the-developer\/#primaryimage\"},\"image\":{\"@id\":\"https:\/\/palaciodelmar.com\/about-the-developer\/#primaryimage\"},\"thumbnailUrl\":\"https:\/\/palaciodelmar.com\/wp-content\/uploads\/2024\/04\/developer-palacio-del-mar.jpg\",\"datePublished\":\"2015-04-09T17:15:21+00:00\",\"dateModified\":\"2025-09-11T16:00:16+00:00\",\"description\":\"Corporativo Mexdesa is a leading real estate development company based in Mexico. Plans for the Palacio del Mar property include a total of four luxury condominium towers and twelve luxury oceanfront villas.\",\"breadcrumb\":{\"@id\":\"https:\/\/palaciodelmar.com\/about-the-developer\/#breadcrumb\"},\"inLanguage\":\"es\",\"potentialAction\":[{\"@type\":\"ReadAction\",\"target\":[\"https:\/\/palaciodelmar.com\/about-the-developer\/\"]}]},{\"@type\":\"ImageObject\",\"inLanguage\":\"es\",\"@id\":\"https:\/\/palaciodelmar.com\/about-the-developer\/#primaryimage\",\"url\":\"https:\/\/palaciodelmar.com\/wp-content\/uploads\/2024\/04\/developer-palacio-del-mar.jpg\",\"contentUrl\":\"https:\/\/palaciodelmar.com\/wp-content\/uploads\/2024\/04\/developer-palacio-del-mar.jpg\"},{\"@type\":\"BreadcrumbList\",\"@id\":\"https:\/\/palaciodelmar.com\/about-the-developer\/#breadcrumb\",\"itemListElement\":[{\"@type\":\"ListItem\",\"position\":1,\"name\":\"Home\",\"item\":\"https:\/\/palaciodelmar.com\/\"},{\"@type\":\"ListItem\",\"position\":2,\"name\":\"About the Developer &#8211; Corporativo Mexdesa\"}]},{\"@type\":\"WebSite\",\"@id\":\"https:\/\/palaciodelmar.com\/#website\",\"url\":\"https:\/\/palaciodelmar.com\/\",\"name\":\"Palacio del Mar - Luxury Condos &amp; Villas\",\"description\":\"Luxury Condos &amp; Villas in Rosarito Beach, Mexico\",\"publisher\":{\"@id\":\"https:\/\/palaciodelmar.com\/#organization\"},\"potentialAction\":[{\"@type\":\"SearchAction\",\"target\":{\"@type\":\"EntryPoint\",\"urlTemplate\":\"https:\/\/palaciodelmar.com\/?s={search_term_string}\"},\"query-input\":{\"@type\":\"PropertyValueSpecification\",\"valueRequired\":true,\"valueName\":\"search_term_string\"}}],\"inLanguage\":\"es\"},{\"@type\":\"Organization\",\"@id\":\"https:\/\/palaciodelmar.com\/#organization\",\"name\":\"Palacio de Mar\",\"url\":\"https:\/\/palaciodelmar.com\/\",\"logo\":{\"@type\":\"ImageObject\",\"inLanguage\":\"es\",\"@id\":\"https:\/\/palaciodelmar.com\/#\/schema\/logo\/image\/\",\"url\":\"https:\/\/palaciodelmar.com\/wp-content\/uploads\/2015\/06\/Logo-Palacio-Condos-and-Villas-Large-for-Print.png\",\"contentUrl\":\"https:\/\/palaciodelmar.com\/wp-content\/uploads\/2015\/06\/Logo-Palacio-Condos-and-Villas-Large-for-Print.png\",\"width\":600,\"height\":290,\"caption\":\"Palacio de Mar\"},\"image\":{\"@id\":\"https:\/\/palaciodelmar.com\/#\/schema\/logo\/image\/\"},\"sameAs\":[\"https:\/\/www.facebook.com\/Palacio-del-Mar-716878848390985\"]}]}<\/script>\n<!-- \/ Yoast SEO plugin. -->","yoast_head_json":{"title":"About the Developer - Corporativo Mexdesa - Palacio del Mar - Luxury Condos &amp; Villas","description":"Corporativo Mexdesa is a leading real estate development company based in Mexico. Plans for the Palacio del Mar property include a total of four luxury condominium towers and twelve luxury oceanfront villas.","robots":{"index":"index","follow":"follow","max-snippet":"max-snippet:-1","max-image-preview":"max-image-preview:large","max-video-preview":"max-video-preview:-1"},"canonical":"https:\/\/palaciodelmar.com\/es\/about-the-developer\/","og_locale":"es_MX","og_type":"article","og_title":"About the Developer - Corporativo Mexdesa - Palacio del Mar - Luxury Condos &amp; Villas","og_description":"Corporativo Mexdesa is a leading real estate development company based in Mexico. Plans for the Palacio del Mar property include a total of four luxury condominium towers and twelve luxury oceanfront villas.","og_url":"https:\/\/palaciodelmar.com\/es\/about-the-developer\/","og_site_name":"Palacio del Mar - Luxury Condos &amp; Villas","article_publisher":"https:\/\/www.facebook.com\/Palacio-del-Mar-716878848390985","article_modified_time":"2025-09-11T16:00:16+00:00","og_image":[{"width":681,"height":385,"url":"https:\/\/palaciodelmar.com\/wp-content\/uploads\/2024\/04\/developer-palacio-del-mar.jpg","type":"image\/jpeg"}],"twitter_card":"summary_large_image","twitter_misc":{"Tiempo de lectura":"2 minutos"},"schema":{"@context":"https:\/\/schema.org","@graph":[{"@type":["WebPage","AboutPage"],"@id":"https:\/\/palaciodelmar.com\/about-the-developer\/","url":"https:\/\/palaciodelmar.com\/about-the-developer\/","name":"About the Developer - Corporativo Mexdesa - Palacio del Mar - Luxury Condos &amp; Villas","isPartOf":{"@id":"https:\/\/palaciodelmar.com\/#website"},"primaryImageOfPage":{"@id":"https:\/\/palaciodelmar.com\/about-the-developer\/#primaryimage"},"image":{"@id":"https:\/\/palaciodelmar.com\/about-the-developer\/#primaryimage"},"thumbnailUrl":"https:\/\/palaciodelmar.com\/wp-content\/uploads\/2024\/04\/developer-palacio-del-mar.jpg","datePublished":"2015-04-09T17:15:21+00:00","dateModified":"2025-09-11T16:00:16+00:00","description":"Corporativo Mexdesa is a leading real estate development company based in Mexico. Plans for the Palacio del Mar property include a total of four luxury condominium towers and twelve luxury oceanfront villas.","breadcrumb":{"@id":"https:\/\/palaciodelmar.com\/about-the-developer\/#breadcrumb"},"inLanguage":"es","potentialAction":[{"@type":"ReadAction","target":["https:\/\/palaciodelmar.com\/about-the-developer\/"]}]},{"@type":"ImageObject","inLanguage":"es","@id":"https:\/\/palaciodelmar.com\/about-the-developer\/#primaryimage","url":"https:\/\/palaciodelmar.com\/wp-content\/uploads\/2024\/04\/developer-palacio-del-mar.jpg","contentUrl":"https:\/\/palaciodelmar.com\/wp-content\/uploads\/2024\/04\/developer-palacio-del-mar.jpg"},{"@type":"BreadcrumbList","@id":"https:\/\/palaciodelmar.com\/about-the-developer\/#breadcrumb","itemListElement":[{"@type":"ListItem","position":1,"name":"Home","item":"https:\/\/palaciodelmar.com\/"},{"@type":"ListItem","position":2,"name":"About the Developer &#8211; Corporativo Mexdesa"}]},{"@type":"WebSite","@id":"https:\/\/palaciodelmar.com\/#website","url":"https:\/\/palaciodelmar.com\/","name":"Palacio del Mar - Luxury Condos &amp; Villas","description":"Luxury Condos &amp; Villas in Rosarito Beach, Mexico","publisher":{"@id":"https:\/\/palaciodelmar.com\/#organization"},"potentialAction":[{"@type":"SearchAction","target":{"@type":"EntryPoint","urlTemplate":"https:\/\/palaciodelmar.com\/?s={search_term_string}"},"query-input":{"@type":"PropertyValueSpecification","valueRequired":true,"valueName":"search_term_string"}}],"inLanguage":"es"},{"@type":"Organization","@id":"https:\/\/palaciodelmar.com\/#organization","name":"Palacio de Mar","url":"https:\/\/palaciodelmar.com\/","logo":{"@type":"ImageObject","inLanguage":"es","@id":"https:\/\/palaciodelmar.com\/#\/schema\/logo\/image\/","url":"https:\/\/palaciodelmar.com\/wp-content\/uploads\/2015\/06\/Logo-Palacio-Condos-and-Villas-Large-for-Print.png","contentUrl":"https:\/\/palaciodelmar.com\/wp-content\/uploads\/2015\/06\/Logo-Palacio-Condos-and-Villas-Large-for-Print.png","width":600,"height":290,"caption":"Palacio de Mar"},"image":{"@id":"https:\/\/palaciodelmar.com\/#\/schema\/logo\/image\/"},"sameAs":["https:\/\/www.facebook.com\/Palacio-del-Mar-716878848390985"]}]}},"_links":{"self":[{"href":"https:\/\/palaciodelmar.com\/es\/wp-json\/wp\/v2\/pages\/19"}],"collection":[{"href":"https:\/\/palaciodelmar.com\/es\/wp-json\/wp\/v2\/pages"}],"about":[{"href":"https:\/\/palaciodelmar.com\/es\/wp-json\/wp\/v2\/types\/page"}],"author":[{"embeddable":true,"href":"https:\/\/palaciodelmar.com\/es\/wp-json\/wp\/v2\/users\/1"}],"replies":[{"embeddable":true,"href":"https:\/\/palaciodelmar.com\/es\/wp-json\/wp\/v2\/comments?post=19"}],"version-history":[{"count":10,"href":"https:\/\/palaciodelmar.com\/es\/wp-json\/wp\/v2\/pages\/19\/revisions"}],"predecessor-version":[{"id":7375,"href":"https:\/\/palaciodelmar.com\/es\/wp-json\/wp\/v2\/pages\/19\/revisions\/7375"}],"wp:attachment":[{"href":"https:\/\/palaciodelmar.com\/es\/wp-json\/wp\/v2\/media?parent=19"}],"curies":[{"name":"wp","href":"https:\/\/api.w.org\/{rel}","templated":true}]}}