{"id":191,"date":"2015-04-15T23:22:39","date_gmt":"2015-04-15T23:22:39","guid":{"rendered":"http:\/\/palaciodelmar.com\/pm\/?page_id=191"},"modified":"2025-09-11T16:13:54","modified_gmt":"2025-09-11T16:13:54","slug":"baja-the-community","status":"publish","type":"page","link":"https:\/\/palaciodelmar.com\/es\/baja-the-community\/","title":{"rendered":"Baja &#038; The Community"},"content":{"rendered":"<div class=\"wp-block-image\"><figure class=\"aligncenter\" style=\"box-shadow: none !important;\"><img loading=\"lazy\" decoding=\"async\" width=\"945\" height=\"420\" src=\"https:\/\/palaciodelmar.com\/wp-content\/uploads\/2020\/09\/baja_living_web.png\" alt=\"Baja and the Community\" class=\"wp-image-3340\" title=\"Baja and The Community\" style=\"box-shadow: none !important;\" srcset=\"https:\/\/palaciodelmar.com\/wp-content\/uploads\/2020\/09\/baja_living_web.png 945w, https:\/\/palaciodelmar.com\/wp-content\/uploads\/2020\/09\/baja_living_web-300x133.png 300w, https:\/\/palaciodelmar.com\/wp-content\/uploads\/2020\/09\/baja_living_web-768x341.png 768w\" sizes=\"(max-width: 945px) 100vw, 945px\" \/><\/figure><\/div>\n\n\n\n<h2 class=\"wp-block-heading\">Hay tantas cosas que hacer en Baja<\/h2>\n\n\n\n<p class=\"has-medium-font-size\">Palacio del Mar ofrece una vida de lujo sin el alto costo; tranquilidad, seguridad, recreaci\u00f3n, alta cocina y entretenimiento, todo envuelto en el hermoso entorno que es Baja. No importa cu\u00e1les sean tus intereses, seguro encontrar\u00e1s algo perfecto.&nbsp;<\/p>\n\n\n\n<div class=\"wp-block-media-text has-media-on-the-right is-stacked-on-mobile custom-shadow\"><div class=\"wp-block-media-text__content\">\n<p class=\"has-medium-font-size\">Te gusta jugar <strong>pickleball?<\/strong> Hay una gran comunidad activa de jugadores de pickleball en toda el \u00e1rea: hay grupos para todos los niveles de habilidad y se organizan sesiones de juego varias veces a la semana en diferentes lugares, como Punta Azul (canchas p\u00fablicas), La Salina (club) y algunas comunidades privadas como Club Marena, La Paloma, Las Gaviotas, Misi\u00f3n Viejo, etc. Incluso organizan torneos en La Salina, con jugadores que vienen de otros estados de M\u00e9xico y del otro lado de la frontera.<\/p>\n<\/div><figure class=\"wp-block-media-text__media\"><img loading=\"lazy\" decoding=\"async\" width=\"1024\" height=\"576\" src=\"https:\/\/palaciodelmar.com\/wp-content\/uploads\/2024\/10\/pickleball-tournament-in-baja-1024x576.webp\" alt=\"\" class=\"wp-image-7572 size-full\" srcset=\"https:\/\/palaciodelmar.com\/wp-content\/uploads\/2024\/10\/pickleball-tournament-in-baja-1024x576.webp 1024w, https:\/\/palaciodelmar.com\/wp-content\/uploads\/2024\/10\/pickleball-tournament-in-baja-300x169.webp 300w, https:\/\/palaciodelmar.com\/wp-content\/uploads\/2024\/10\/pickleball-tournament-in-baja-768x432.webp 768w, https:\/\/palaciodelmar.com\/wp-content\/uploads\/2024\/10\/pickleball-tournament-in-baja-18x10.webp 18w, https:\/\/palaciodelmar.com\/wp-content\/uploads\/2024\/10\/pickleball-tournament-in-baja.webp 1050w\" sizes=\"(max-width: 1024px) 100vw, 1024px\" \/><\/figure><\/div>\n\n\n\n<p class=\"has-medium-font-size\">Existen dos <strong>campos de golf<\/strong> para aquellos que disfrutan de este deporte, el cual pueden jugar tanto en BajaMar como en Real del Mar.<\/p>\n\n\n\n<div class=\"wp-block-media-text is-stacked-on-mobile\"><figure class=\"wp-block-media-text__media\"><\/figure><div class=\"wp-block-media-text__content\">\n<p class=\"has-medium-font-size\">Para los <strong>amantes de los caballos<\/strong>, el centro ecuestre en Real del Mar ofrece pistas de arena y c\u00e9sped para <strong>montar a caballo<\/strong>, as\u00ed como <strong>lecciones privadas. <\/strong>Tambi\u00e9n brindan servicios de pensi\u00f3n, veterinaria y transporte para propietarios de caballos. (Abajo, en la secci\u00f3n de filantrop\u00eda, leer\u00e1s sobre la organizaci\u00f3n de rescate \u201cPretty Horses of Baja\u201d y <strong>oportunidades de voluntariado<\/strong>).<\/p>\n<\/div><\/div>\n\n\n\n<p class=\"has-medium-font-size\">Si buscas diversi\u00f3n y aventura, puedes rentar un <strong>veh\u00edculo todo terreno (ATV) para recorrer las dunas de arena <\/strong>de Primo Tapia, <strong>Surfear las olas<\/strong> en el mundialmente famoso <strong>surf de K-38,<\/strong> o quiz\u00e1 hacer algo de ejercicio en el<strong> sendero<\/strong> de el Cerro del Coronel o El Descanso, que te dar\u00e1n una hermosa recompensa por las vistas al llegar a la cima.<\/p>\n\n\n\n<h2 class=\"wp-block-heading\">Deliciosa Cocina<\/h2>\n\n\n\n<p class=\"has-medium-font-size\">Adem\u00e1s, justo al sur de la frontera, la escena gastron\u00f3mica est\u00e1 emergiendo. Hay un creciente <strong>movimiento culinario denominado \"Bajamed\",<\/strong> es una cocina que se basa en el uso exclusivo de <strong>ingredientes frescos y locales<\/strong> from Baja California\u2019s Mediterranean-like climate, all sourced straight from local fishermen and farmers. There are many delicious restaurants very close to&nbsp; Palacio del Mar<\/p>\n\n\n\n<p class=\"has-medium-font-size\">A menos de 10 minutos de Palacio del Mar est\u00e1 <strong>Puerto Nuevo<\/strong>, la auto-proclamada <strong>\"Capital de la Langosta en Baja\"<\/strong>. Hay docenas de restaurantes, tiendas y artesan\u00edas. Puerto Nuevo fue fundado en 1956 con la apertura del restaurante Puerto Nuevo II, que sigue siendo un lugar extremadamente popular para comer en Puerto Nuevo. La mayor\u00eda de los restaurantes en Puerto Nuevo ofrecen la oportunidad de disfrutar de una excelente langosta, cocinada seg\u00fan la tradici\u00f3n, mientras se disfruta de las hermosas vistas al oc\u00e9ano.<\/p>\n\n\n\n<div class=\"wp-block-media-text is-stacked-on-mobile custom-shadow\"><figure class=\"wp-block-media-text__media\"><img loading=\"lazy\" decoding=\"async\" width=\"600\" height=\"450\" src=\"https:\/\/palaciodelmar.com\/wp-content\/uploads\/2024\/10\/valle-de-guadalupe-baja.webp\" alt=\"Guadalu[e Valley in Baja\" class=\"wp-image-7590 size-full\" srcset=\"https:\/\/palaciodelmar.com\/wp-content\/uploads\/2024\/10\/valle-de-guadalupe-baja.webp 600w, https:\/\/palaciodelmar.com\/wp-content\/uploads\/2024\/10\/valle-de-guadalupe-baja-300x225.webp 300w, https:\/\/palaciodelmar.com\/wp-content\/uploads\/2024\/10\/valle-de-guadalupe-baja-16x12.webp 16w\" sizes=\"(max-width: 600px) 100vw, 600px\" \/><\/figure><div class=\"wp-block-media-text__content\">\n<p class=\"has-medium-font-size\"><strong>El Valle de Guadalupe<\/strong> se ubica aproximadamente a 30 minutos en direcci\u00f3n opuesta -  Es <strong>la regi\u00f3n vin\u00edcola mexicana:<\/strong> encontrar\u00e1s Incre\u00edbles bodegas y espectacular comida de chefs que se han formado en todo el mundo. Puedes pasar un d\u00eda degustando vinos o cenar al aire libre junto a un vi\u00f1edo, bajo las estrellas. Las comidas suelen durar m\u00e1s de 2 horas, por lo que es una experiencia en s\u00ed misma. Por cierto, el servicio de transporte de Palacio del Mar puede llevarte a recorrer la regi\u00f3n vin\u00edcola, para que disfrutes de tu velada sin preocupaciones.<\/p>\n<\/div><\/div>\n\n\n\n<div style=\"height:30px\" aria-hidden=\"true\" class=\"wp-block-spacer\"><\/div>\n\n\n\n<h2 class=\"wp-block-heading\">La Comunidad y la Filantrop\u00eda<\/h2>\n\n\n\n<p class=\"has-medium-font-size\"><strong>El voluntariado<\/strong> para una buena causa es tambi\u00e9n <strong>una excelente manera de conocer nueva gente y hacer nuevos amigos<\/strong>! Para cualquier persona interesada en retribuir a la comunidad, muchos grupos en la zona trabajan para mejorar la vida de los residentes de Rosarito:<\/p>\n\n\n\n<p class=\"has-medium-font-size\">Por ejemplo, una de las organizaciones de voluntarios m\u00e1s grandes de la zona es <a href=\"https:\/\/www.lamisionchildrensfund.org\/\" target=\"_blank\" rel=\"noreferrer noopener\">La Mision Children\u2019s Fund<\/a>. quienes ayudan a satisfacer las necesidades fundamentales de adultos, ni\u00f1os y j\u00f3venes en riesgo, incluyendo comida, refugio, ropa, becas educativas y atenci\u00f3n m\u00e9dica. Tienen varios proyectos, como el banco de alimentos, que proporciona comida b\u00e1sica a m\u00e1s de 650 familias al mes; BECA, un programa de becas para la juventud de Rosarito; y un programa de energ\u00eda sostenible que ha ayudado a instalar unidades de calentamiento solar de agua y sistemas de agua ultravioleta en escuelas y orfanatos seleccionados. Puedes colaborar con el empaquetado de alimentos, la entrega, la organizaci\u00f3n de eventos de recaudaci\u00f3n de fondos, etc.<\/p>\n\n\n\n<p class=\"has-medium-font-size\">\u201cEl Club de Ninos y Ninas de Rosarito\u201d (<a href=\"https:\/\/www.clubrosarito.com\/about\/\" target=\"_blank\" rel=\"noreferrer noopener\">The Boys and Girls Club of Rosarito<\/a>) es una organizaci\u00f3n sin fines de lucro que ofrece un espacio seguro para los ni\u00f1os en las tardes. Fue fundada en 2013 y actualmente es una comunidad de mentores, voluntarios y m\u00e1s de 50 ni\u00f1os en un programa despu\u00e9s de la escuela que incluye deportes, artes y desarrollo humano. Las oportunidades de voluntariado var\u00edan desde ense\u00f1ar m\u00fasica, ingl\u00e9s y pintura, hasta simplemente ayudar a los ni\u00f1os con sus tareas.<\/p>\n\n\n\n<p class=\"has-medium-font-size\">Las <a href=\"https:\/\/flyingsamaritansrosarito.org\/\" target=\"_blank\" rel=\"noreferrer noopener\">Samaritanos Voladores<\/a>, es una organizaci\u00f3n completamente voluntaria que opera una cl\u00ednica de salud gratuita en Rosarito Beach. Atienden aproximadamente a 200 pacientes al mes, y tanto la consulta como la medicaci\u00f3n son gratuitas para los pacientes. Tambi\u00e9n organizan noches de bingo, brunches de subasta y otros eventos divertidos para recaudar fondos que cubran sus costos.<\/p>\n\n\n\n<p class=\"has-medium-font-size\"><a href=\"https:\/\/www.friendsofthelibrary.com.mx\/what-we-do.html\" target=\"_blank\" rel=\"noreferrer noopener\">Amigos de la Biblioteca<\/a> es una organizaci\u00f3n sin fines de lucro de voluntarios que trabaja para promover el amor por la lectura entre los miembros de la comunidad de Rosarito. Tienen un incre\u00edble Bibliob\u00fas que visita comunidades seleccionadas en Rosarito cada dos semanas, y puedes incluso donar libros de tu elecci\u00f3n desde Amazon para a\u00f1adir a su selecci\u00f3n. Tambi\u00e9n reciben voluntarios para ayudar con sus muchos programas para fomentar el amor por la lectura en la comunidad de Rosarito.<\/p>\n\n\n\n<p class=\"has-medium-font-size\">Si amas a los animales tanto como nosotros, puedes programar una visita al <a href=\"https:\/\/www.prettyhorsesbaja.org\/\" target=\"_blank\" rel=\"noreferrer noopener\">Rancho de Rescate Caballos Bonitos<\/a> , y visitar todos los hermosos caballos y otros animales que viven all\u00ed. Organizan eventos de recaudaci\u00f3n de fondos, como su 'Competencia Anual de Chiles', 'La Fiesta de Barbacoa de los Caballos Bonitos', etc.\"<\/p>\n\n\n\n<p class=\"has-medium-font-size\">Otra incre\u00edble organizaci\u00f3n sin fines de lucro dedicada al rescate de animales es el <a href=\"https:\/\/www.bajaanimalsanctuary.org\/about-us\" target=\"_blank\" rel=\"noreferrer noopener\">Santuario Animal de Baja<\/a>, un refugio que respeta la vida de los animales y alberga perros y gatos rescatados de las calles de Rosarito, tratados, esterilizados\/castrados, para eventualmente ser ofrecidos para adopciones responsables. El Santuario Animal de Baja acepta voluntarios para sus eventos de adopci\u00f3n, acogida y recaudaci\u00f3n de fondos.\"<\/p>\n\n\n\n<p class=\"has-medium-font-size\">Las <a href=\"https:\/\/www.bajascholarshipfoundation.org\/\">Fundaci\u00f3n de Becas de Baja<\/a> es una organizaci\u00f3n m\u00e1s por conocer. Su misi\u00f3n es proporcionar becas acad\u00e9micas a los ni\u00f1os con mayor potencial de los barrios m\u00e1s pobres del norte de Baja y formarlos como l\u00edderes comunitarios. Organizan actividades muy divertidas e interesantes para recaudar fondos y concientizar a los residentes de Baja.<\/p>\n\n\n\n<h2 class=\"wp-block-heading\">Ambiente Social<\/h2>\n\n\n\n<p class=\"has-medium-font-size\">Tambi\u00e9n hay otros grupos para actividades sociales relajadas, como <a href=\"https:\/\/www.facebook.com\/groups\/Ladiesletslunch\">\u201cLadies, let\u2019s lunch!\u201d<\/a>, que es un grupo de expatriadas y mujeres locales que van rotando restaurantes para conocer la zona mientras conocen a nuevas personas y se reencuentran con viejas amigas. Tambi\u00e9n hay una Sociedad del Sombrero Rojo en Rosarito, grupos de bingo, lectura, tejido, pintura y elaboraci\u00f3n de manualidades.<\/p>\n\n\n\n<p class=\"has-medium-font-size\">En resumen, \u00a1sin importar tus intereses, seguro conocer\u00e1s a otras personas que tambi\u00e9n est\u00e1n interesados en ellos!<\/p>","protected":false},"excerpt":{"rendered":"<p>There are so many things to do in Baja Palacio del Mar offers luxury living without the heavy price tag; serenity, security, recreation, fine dining, and entertainment all wrapped up &#8230;<\/p>","protected":false},"author":1,"featured_media":0,"parent":0,"menu_order":0,"comment_status":"closed","ping_status":"closed","template":"","meta":{"_exactmetrics_skip_tracking":false,"_exactmetrics_sitenote_active":false,"_exactmetrics_sitenote_note":"","_exactmetrics_sitenote_category":0,"footnotes":""},"yoast_head":"<!-- This site is optimized with the Yoast SEO plugin v24.4 - https:\/\/yoast.com\/wordpress\/plugins\/seo\/ -->\n<title>Baja &amp; The Community - Palacio del Mar - Luxury Condos &amp; Villas<\/title>\n<meta name=\"description\" content=\"Rosarito is close to the U.S. and has a large population of Americans living in the area. Less than 20 min. from Palacio del Mar is Puerto Nuevo, the &quot;Lobster Capital of Baja&quot;.\" \/>\n<meta name=\"robots\" content=\"index, follow, max-snippet:-1, max-image-preview:large, max-video-preview:-1\" \/>\n<link rel=\"canonical\" href=\"https:\/\/palaciodelmar.com\/es\/baja-the-community\/\" \/>\n<meta property=\"og:locale\" content=\"es_MX\" \/>\n<meta property=\"og:type\" content=\"article\" \/>\n<meta property=\"og:title\" content=\"Baja &amp; The Community - Palacio del Mar - Luxury Condos &amp; Villas\" \/>\n<meta property=\"og:description\" content=\"Rosarito is close to the U.S. and has a large population of Americans living in the area. Less than 20 min. from Palacio del Mar is Puerto Nuevo, the &quot;Lobster Capital of Baja&quot;.\" \/>\n<meta property=\"og:url\" content=\"https:\/\/palaciodelmar.com\/es\/baja-the-community\/\" \/>\n<meta property=\"og:site_name\" content=\"Palacio del Mar - Luxury Condos &amp; Villas\" \/>\n<meta property=\"article:publisher\" content=\"https:\/\/www.facebook.com\/Palacio-del-Mar-716878848390985\" \/>\n<meta property=\"article:modified_time\" content=\"2025-09-11T16:13:54+00:00\" \/>\n<meta property=\"og:image\" content=\"https:\/\/palaciodelmar.com\/wp-content\/uploads\/2020\/09\/baja_living_web.png\" \/>\n\t<meta property=\"og:image:width\" content=\"945\" \/>\n\t<meta property=\"og:image:height\" content=\"420\" \/>\n\t<meta property=\"og:image:type\" content=\"image\/png\" \/>\n<meta name=\"twitter:card\" content=\"summary_large_image\" \/>\n<meta name=\"twitter:label1\" content=\"Tiempo de lectura\" \/>\n\t<meta name=\"twitter:data1\" content=\"6 minutos\" \/>\n<script type=\"application\/ld+json\" class=\"yoast-schema-graph\">{\"@context\":\"https:\/\/schema.org\",\"@graph\":[{\"@type\":\"WebPage\",\"@id\":\"https:\/\/palaciodelmar.com\/baja-the-community\/\",\"url\":\"https:\/\/palaciodelmar.com\/baja-the-community\/\",\"name\":\"Baja & The Community - Palacio del Mar - Luxury Condos &amp; Villas\",\"isPartOf\":{\"@id\":\"https:\/\/palaciodelmar.com\/#website\"},\"primaryImageOfPage\":{\"@id\":\"https:\/\/palaciodelmar.com\/baja-the-community\/#primaryimage\"},\"image\":{\"@id\":\"https:\/\/palaciodelmar.com\/baja-the-community\/#primaryimage\"},\"thumbnailUrl\":\"https:\/\/palaciodelmar.com\/wp-content\/uploads\/2020\/09\/baja_living_web.png\",\"datePublished\":\"2015-04-15T23:22:39+00:00\",\"dateModified\":\"2025-09-11T16:13:54+00:00\",\"description\":\"Rosarito is close to the U.S. and has a large population of Americans living in the area. Less than 20 min. from Palacio del Mar is Puerto Nuevo, the \\\"Lobster Capital of Baja\\\".\",\"breadcrumb\":{\"@id\":\"https:\/\/palaciodelmar.com\/baja-the-community\/#breadcrumb\"},\"inLanguage\":\"es\",\"potentialAction\":[{\"@type\":\"ReadAction\",\"target\":[\"https:\/\/palaciodelmar.com\/baja-the-community\/\"]}]},{\"@type\":\"ImageObject\",\"inLanguage\":\"es\",\"@id\":\"https:\/\/palaciodelmar.com\/baja-the-community\/#primaryimage\",\"url\":\"https:\/\/palaciodelmar.com\/wp-content\/uploads\/2020\/09\/baja_living_web.png\",\"contentUrl\":\"https:\/\/palaciodelmar.com\/wp-content\/uploads\/2020\/09\/baja_living_web.png\"},{\"@type\":\"BreadcrumbList\",\"@id\":\"https:\/\/palaciodelmar.com\/baja-the-community\/#breadcrumb\",\"itemListElement\":[{\"@type\":\"ListItem\",\"position\":1,\"name\":\"Home\",\"item\":\"https:\/\/palaciodelmar.com\/\"},{\"@type\":\"ListItem\",\"position\":2,\"name\":\"Baja &#038; The Community\"}]},{\"@type\":\"WebSite\",\"@id\":\"https:\/\/palaciodelmar.com\/#website\",\"url\":\"https:\/\/palaciodelmar.com\/\",\"name\":\"Palacio del Mar - Luxury Condos &amp; Villas\",\"description\":\"Luxury Condos &amp; Villas in Rosarito Beach, Mexico\",\"publisher\":{\"@id\":\"https:\/\/palaciodelmar.com\/#organization\"},\"potentialAction\":[{\"@type\":\"SearchAction\",\"target\":{\"@type\":\"EntryPoint\",\"urlTemplate\":\"https:\/\/palaciodelmar.com\/?s={search_term_string}\"},\"query-input\":{\"@type\":\"PropertyValueSpecification\",\"valueRequired\":true,\"valueName\":\"search_term_string\"}}],\"inLanguage\":\"es\"},{\"@type\":\"Organization\",\"@id\":\"https:\/\/palaciodelmar.com\/#organization\",\"name\":\"Palacio de Mar\",\"url\":\"https:\/\/palaciodelmar.com\/\",\"logo\":{\"@type\":\"ImageObject\",\"inLanguage\":\"es\",\"@id\":\"https:\/\/palaciodelmar.com\/#\/schema\/logo\/image\/\",\"url\":\"https:\/\/palaciodelmar.com\/wp-content\/uploads\/2015\/06\/Logo-Palacio-Condos-and-Villas-Large-for-Print.png\",\"contentUrl\":\"https:\/\/palaciodelmar.com\/wp-content\/uploads\/2015\/06\/Logo-Palacio-Condos-and-Villas-Large-for-Print.png\",\"width\":600,\"height\":290,\"caption\":\"Palacio de Mar\"},\"image\":{\"@id\":\"https:\/\/palaciodelmar.com\/#\/schema\/logo\/image\/\"},\"sameAs\":[\"https:\/\/www.facebook.com\/Palacio-del-Mar-716878848390985\"]}]}<\/script>\n<!-- \/ Yoast SEO plugin. -->","yoast_head_json":{"title":"Baja & The Community - Palacio del Mar - Luxury Condos &amp; Villas","description":"Rosarito is close to the U.S. and has a large population of Americans living in the area. Less than 20 min. from Palacio del Mar is Puerto Nuevo, the \"Lobster Capital of Baja\".","robots":{"index":"index","follow":"follow","max-snippet":"max-snippet:-1","max-image-preview":"max-image-preview:large","max-video-preview":"max-video-preview:-1"},"canonical":"https:\/\/palaciodelmar.com\/es\/baja-the-community\/","og_locale":"es_MX","og_type":"article","og_title":"Baja & The Community - Palacio del Mar - Luxury Condos &amp; Villas","og_description":"Rosarito is close to the U.S. and has a large population of Americans living in the area. Less than 20 min. from Palacio del Mar is Puerto Nuevo, the \"Lobster Capital of Baja\".","og_url":"https:\/\/palaciodelmar.com\/es\/baja-the-community\/","og_site_name":"Palacio del Mar - Luxury Condos &amp; Villas","article_publisher":"https:\/\/www.facebook.com\/Palacio-del-Mar-716878848390985","article_modified_time":"2025-09-11T16:13:54+00:00","og_image":[{"width":945,"height":420,"url":"https:\/\/palaciodelmar.com\/wp-content\/uploads\/2020\/09\/baja_living_web.png","type":"image\/png"}],"twitter_card":"summary_large_image","twitter_misc":{"Tiempo de lectura":"6 minutos"},"schema":{"@context":"https:\/\/schema.org","@graph":[{"@type":"WebPage","@id":"https:\/\/palaciodelmar.com\/baja-the-community\/","url":"https:\/\/palaciodelmar.com\/baja-the-community\/","name":"Baja & The Community - Palacio del Mar - Luxury Condos &amp; Villas","isPartOf":{"@id":"https:\/\/palaciodelmar.com\/#website"},"primaryImageOfPage":{"@id":"https:\/\/palaciodelmar.com\/baja-the-community\/#primaryimage"},"image":{"@id":"https:\/\/palaciodelmar.com\/baja-the-community\/#primaryimage"},"thumbnailUrl":"https:\/\/palaciodelmar.com\/wp-content\/uploads\/2020\/09\/baja_living_web.png","datePublished":"2015-04-15T23:22:39+00:00","dateModified":"2025-09-11T16:13:54+00:00","description":"Rosarito is close to the U.S. and has a large population of Americans living in the area. Less than 20 min. from Palacio del Mar is Puerto Nuevo, the \"Lobster Capital of Baja\".","breadcrumb":{"@id":"https:\/\/palaciodelmar.com\/baja-the-community\/#breadcrumb"},"inLanguage":"es","potentialAction":[{"@type":"ReadAction","target":["https:\/\/palaciodelmar.com\/baja-the-community\/"]}]},{"@type":"ImageObject","inLanguage":"es","@id":"https:\/\/palaciodelmar.com\/baja-the-community\/#primaryimage","url":"https:\/\/palaciodelmar.com\/wp-content\/uploads\/2020\/09\/baja_living_web.png","contentUrl":"https:\/\/palaciodelmar.com\/wp-content\/uploads\/2020\/09\/baja_living_web.png"},{"@type":"BreadcrumbList","@id":"https:\/\/palaciodelmar.com\/baja-the-community\/#breadcrumb","itemListElement":[{"@type":"ListItem","position":1,"name":"Home","item":"https:\/\/palaciodelmar.com\/"},{"@type":"ListItem","position":2,"name":"Baja &#038; The Community"}]},{"@type":"WebSite","@id":"https:\/\/palaciodelmar.com\/#website","url":"https:\/\/palaciodelmar.com\/","name":"Palacio del Mar - Luxury Condos &amp; Villas","description":"Luxury Condos &amp; Villas in Rosarito Beach, Mexico","publisher":{"@id":"https:\/\/palaciodelmar.com\/#organization"},"potentialAction":[{"@type":"SearchAction","target":{"@type":"EntryPoint","urlTemplate":"https:\/\/palaciodelmar.com\/?s={search_term_string}"},"query-input":{"@type":"PropertyValueSpecification","valueRequired":true,"valueName":"search_term_string"}}],"inLanguage":"es"},{"@type":"Organization","@id":"https:\/\/palaciodelmar.com\/#organization","name":"Palacio de Mar","url":"https:\/\/palaciodelmar.com\/","logo":{"@type":"ImageObject","inLanguage":"es","@id":"https:\/\/palaciodelmar.com\/#\/schema\/logo\/image\/","url":"https:\/\/palaciodelmar.com\/wp-content\/uploads\/2015\/06\/Logo-Palacio-Condos-and-Villas-Large-for-Print.png","contentUrl":"https:\/\/palaciodelmar.com\/wp-content\/uploads\/2015\/06\/Logo-Palacio-Condos-and-Villas-Large-for-Print.png","width":600,"height":290,"caption":"Palacio de Mar"},"image":{"@id":"https:\/\/palaciodelmar.com\/#\/schema\/logo\/image\/"},"sameAs":["https:\/\/www.facebook.com\/Palacio-del-Mar-716878848390985"]}]}},"_links":{"self":[{"href":"https:\/\/palaciodelmar.com\/es\/wp-json\/wp\/v2\/pages\/191"}],"collection":[{"href":"https:\/\/palaciodelmar.com\/es\/wp-json\/wp\/v2\/pages"}],"about":[{"href":"https:\/\/palaciodelmar.com\/es\/wp-json\/wp\/v2\/types\/page"}],"author":[{"embeddable":true,"href":"https:\/\/palaciodelmar.com\/es\/wp-json\/wp\/v2\/users\/1"}],"replies":[{"embeddable":true,"href":"https:\/\/palaciodelmar.com\/es\/wp-json\/wp\/v2\/comments?post=191"}],"version-history":[{"count":10,"href":"https:\/\/palaciodelmar.com\/es\/wp-json\/wp\/v2\/pages\/191\/revisions"}],"predecessor-version":[{"id":7809,"href":"https:\/\/palaciodelmar.com\/es\/wp-json\/wp\/v2\/pages\/191\/revisions\/7809"}],"wp:attachment":[{"href":"https:\/\/palaciodelmar.com\/es\/wp-json\/wp\/v2\/media?parent=191"}],"curies":[{"name":"wp","href":"https:\/\/api.w.org\/{rel}","templated":true}]}}