{"id":3394,"date":"2020-10-22T18:15:38","date_gmt":"2020-10-22T18:15:38","guid":{"rendered":"https:\/\/palaciodelmar.com\/?page_id=3394"},"modified":"2025-09-11T15:49:34","modified_gmt":"2025-09-11T15:49:34","slug":"3-bedroom-3-bathroom-imperial-model-condo","status":"publish","type":"page","link":"https:\/\/palaciodelmar.com\/es\/3-bedroom-3-bathroom-imperial-model-condo\/","title":{"rendered":"3 Bedroom, 3 Bathroom &#8211; Imperial"},"content":{"rendered":"<div class=\"wp-block-columns is-layout-flex wp-container-core-columns-is-layout-1 wp-block-columns-is-layout-flex\">\n<div class=\"wp-block-column is-vertically-aligned-center is-layout-flow wp-block-column-is-layout-flow\" style=\"flex-basis:66%\">\n<p class=\"has-drop-cap presale-footer has-medium-font-size\">Este es un condominio de 2,870 pies cuadrados, 3 rec\u00e1maras y 3 ba\u00f1os con<span id=\"condo-with\"> fant\u00e1sticas vistas hacia el norte, siguiendo la bah\u00eda de Descanso. Por la noche, se pueden ver las luces de la ciudad desde el balc\u00f3n.<\/span><\/p>\n\n\n\n<p class=\"presale-footer has-medium-font-size\">Hay enormes puertas corredizas de vidrio que se abren por completo para integrar los espacios interiores y exteriores. La terraza es envolvente: comienza frente a la sala y rodea hasta llegar a la rec\u00e1mara principal. Las vistas al oc\u00e9ano se disfrutan desde la sala, el comedor, la cocina y la rec\u00e1mara principal. Las otras dos rec\u00e1maras son muy espaciosas y tambi\u00e9n cuentan con grandes ventanales con vistas a las colinas.<\/p>\n<\/div>\n\n\n\n<div class=\"wp-block-column is-vertically-aligned-center is-layout-flow wp-block-column-is-layout-flow\" style=\"flex-basis:33.3%\"><style type=\"text\/css\">\n#foogallery-gallery-3396 .fg-image { width: 250px; }\n#foogallery-gallery-3396 { --fg-gutter: 10px; }<\/style>\n\t\t\t<div class=\"foogallery foogallery-container foogallery-default foogallery-lightbox-foobox fg-center fg-default fg-ready fg-light fg-border-thin fg-shadow-outline fg-loading-default fg-loaded-fade-in fg-caption-hover fg-hover-fade fg-hover-zoom\" id=\"foogallery-gallery-3396\" data-foogallery=\"{&quot;item&quot;:{&quot;showCaptionTitle&quot;:true,&quot;showCaptionDescription&quot;:true},&quot;lazy&quot;:true}\" style=\"--fg-title-line-clamp: 0; --fg-description-line-clamp: 0;\" >\n\t<div class=\"fg-item fg-type-image fg-idle\"><figure class=\"fg-item-inner\"><a href=\"https:\/\/palaciodelmar.com\/wp-content\/uploads\/2023\/10\/3-bed-3-bath-imperial-palacio-del-mar.jpg\" data-caption-title=\"3 bedroom - 3 bathroom Imperial Model, Palacio del Mar\" data-caption-desc=\"3 bedroom - 3 bathroom Imperial Model, Palacio del Mar\" data-attachment-id=\"6662\" data-type=\"image\" class=\"fg-thumb\"><span class=\"fg-image-wrap\"><img fetchpriority=\"high\" decoding=\"async\" alt=\"3 bedroom - 3 bathroom Imperial Model, Palacio del Mar\" title=\"3 bedroom - 3 bathroom Imperial Model, Palacio del Mar\" width=\"250\" height=\"250\" class=\"skip-lazy fg-image\" data-src-fg=\"https:\/\/palaciodelmar.com\/wp-content\/uploads\/cache\/2023\/10\/3-bed-3-bath-imperial-palacio-del-mar\/3890279726.jpg\" data-srcset-fg=\"https:\/\/palaciodelmar.com\/wp-content\/uploads\/cache\/2023\/10\/3-bed-3-bath-imperial-palacio-del-mar\/1022202114.jpg 2x\" src=\"data:image\/svg+xml,%3Csvg%20xmlns%3D%22http%3A%2F%2Fwww.w3.org%2F2000%2Fsvg%22%20width%3D%22250%22%20height%3D%22250%22%20viewBox%3D%220%200%20250%20250%22%3E%3C%2Fsvg%3E\" loading=\"eager\"><\/span><span class=\"fg-image-overlay\"><\/span><\/a><figcaption class=\"fg-caption\"><div class=\"fg-caption-inner\"><div class=\"fg-caption-title\">3 bedroom &#8211; 3 bathroom Imperial Model, Palacio del Mar<\/div><div class=\"fg-caption-desc\">3 bedroom &#8211; 3 bathroom Imperial Model, Palacio del Mar<\/div><\/div><\/figcaption><\/figure><div class=\"fg-loader\"><\/div><\/div><\/div>\n\n\n\n<p><\/p>\n<\/div>\n<\/div>\n\n\n\n<div class=\"wp-block-columns is-layout-flex wp-container-core-columns-is-layout-2 wp-block-columns-is-layout-flex\">\n<div class=\"wp-block-column is-vertically-aligned-center is-layout-flow wp-block-column-is-layout-flow\"><style type=\"text\/css\">\n#foogallery-gallery-3013 .fg-image { width: 150px; }\n#foogallery-gallery-3013 { --fg-gutter: 10px; }<\/style>\n\t\t\t<div class=\"foogallery foogallery-container foogallery-default foogallery-lightbox-foobox fg-center fg-default fg-ready fg-light fg-border-thin fg-shadow-outline fg-loading-default fg-loaded-fade-in fg-caption-hover fg-hover-fade fg-hover-zoom\" id=\"foogallery-gallery-3013\" data-foogallery=\"{&quot;item&quot;:{&quot;showCaptionTitle&quot;:true,&quot;showCaptionDescription&quot;:true},&quot;lazy&quot;:true}\" style=\"--fg-title-line-clamp: 0; --fg-description-line-clamp: 0;\" >\n\t<div class=\"fg-item fg-type-image fg-idle\"><figure class=\"fg-item-inner\"><a href=\"https:\/\/palaciodelmar.com\/wp-content\/uploads\/2018\/12\/stucco-pasillo.jpg\" data-attachment-id=\"2139\" data-type=\"image\" class=\"fg-thumb\"><span class=\"fg-image-wrap\"><img decoding=\"async\" alt=\"Hallway\" width=\"150\" height=\"150\" class=\"skip-lazy fg-image\" data-src-fg=\"https:\/\/palaciodelmar.com\/wp-content\/uploads\/cache\/2018\/12\/stucco-pasillo\/377043612.jpg\" data-srcset-fg=\"https:\/\/palaciodelmar.com\/wp-content\/uploads\/cache\/2018\/12\/stucco-pasillo\/1768201368.jpg 2x,https:\/\/palaciodelmar.com\/wp-content\/uploads\/cache\/2018\/12\/stucco-pasillo\/3486330640.jpg 3x\" src=\"data:image\/svg+xml,%3Csvg%20xmlns%3D%22http%3A%2F%2Fwww.w3.org%2F2000%2Fsvg%22%20width%3D%22150%22%20height%3D%22150%22%20viewBox%3D%220%200%20150%20150%22%3E%3C%2Fsvg%3E\" loading=\"eager\"><\/span><span class=\"fg-image-overlay\"><\/span><\/a><\/figure><div class=\"fg-loader\"><\/div><\/div><div class=\"fg-item fg-type-image fg-idle\"><figure class=\"fg-item-inner\"><a href=\"https:\/\/palaciodelmar.com\/wp-content\/uploads\/2018\/12\/stucco_sala_04.jpg\" data-attachment-id=\"2138\" data-type=\"image\" class=\"fg-thumb\"><span class=\"fg-image-wrap\"><img decoding=\"async\" alt=\"Living Room\" width=\"150\" height=\"150\" class=\"skip-lazy fg-image\" data-src-fg=\"https:\/\/palaciodelmar.com\/wp-content\/uploads\/cache\/2018\/12\/stucco_sala_04\/2185498712.jpg\" data-srcset-fg=\"https:\/\/palaciodelmar.com\/wp-content\/uploads\/cache\/2018\/12\/stucco_sala_04\/4250515036.jpg 2x,https:\/\/palaciodelmar.com\/wp-content\/uploads\/cache\/2018\/12\/stucco_sala_04\/1542456788.jpg 3x\" src=\"data:image\/svg+xml,%3Csvg%20xmlns%3D%22http%3A%2F%2Fwww.w3.org%2F2000%2Fsvg%22%20width%3D%22150%22%20height%3D%22150%22%20viewBox%3D%220%200%20150%20150%22%3E%3C%2Fsvg%3E\" loading=\"eager\"><\/span><span class=\"fg-image-overlay\"><\/span><\/a><\/figure><div class=\"fg-loader\"><\/div><\/div><div class=\"fg-item fg-type-image fg-idle\"><figure class=\"fg-item-inner\"><a href=\"https:\/\/palaciodelmar.com\/wp-content\/uploads\/2018\/12\/stucco_sala_01-madera-tv.jpg\" data-attachment-id=\"2137\" data-type=\"image\" class=\"fg-thumb\"><span class=\"fg-image-wrap\"><img decoding=\"async\" alt=\"Dining Room\" width=\"150\" height=\"150\" class=\"skip-lazy fg-image\" data-src-fg=\"https:\/\/palaciodelmar.com\/wp-content\/uploads\/cache\/2018\/12\/stucco_sala_01-madera-tv\/1153349207.jpg\" data-srcset-fg=\"https:\/\/palaciodelmar.com\/wp-content\/uploads\/cache\/2018\/12\/stucco_sala_01-madera-tv\/662006131.jpg 2x,https:\/\/palaciodelmar.com\/wp-content\/uploads\/cache\/2018\/12\/stucco_sala_01-madera-tv\/842516013.jpg 3x\" src=\"data:image\/svg+xml,%3Csvg%20xmlns%3D%22http%3A%2F%2Fwww.w3.org%2F2000%2Fsvg%22%20width%3D%22150%22%20height%3D%22150%22%20viewBox%3D%220%200%20150%20150%22%3E%3C%2Fsvg%3E\" loading=\"eager\"><\/span><span class=\"fg-image-overlay\"><\/span><\/a><\/figure><div class=\"fg-loader\"><\/div><\/div><div class=\"fg-item fg-type-image fg-idle\"><figure class=\"fg-item-inner\"><a href=\"https:\/\/palaciodelmar.com\/wp-content\/uploads\/2018\/12\/rec_01.jpg\" data-attachment-id=\"2141\" data-type=\"image\" class=\"fg-thumb\"><span class=\"fg-image-wrap\"><img decoding=\"async\" alt=\"Master\" width=\"150\" height=\"150\" class=\"skip-lazy fg-image\" data-src-fg=\"https:\/\/palaciodelmar.com\/wp-content\/uploads\/cache\/2018\/12\/rec_01\/1811742964.jpg\" data-srcset-fg=\"https:\/\/palaciodelmar.com\/wp-content\/uploads\/cache\/2018\/12\/rec_01\/2086547120.jpg 2x,https:\/\/palaciodelmar.com\/wp-content\/uploads\/cache\/2018\/12\/rec_01\/633485675.jpg 3x\" src=\"data:image\/svg+xml,%3Csvg%20xmlns%3D%22http%3A%2F%2Fwww.w3.org%2F2000%2Fsvg%22%20width%3D%22150%22%20height%3D%22150%22%20viewBox%3D%220%200%20150%20150%22%3E%3C%2Fsvg%3E\" loading=\"eager\"><\/span><span class=\"fg-image-overlay\"><\/span><\/a><\/figure><div class=\"fg-loader\"><\/div><\/div><div class=\"fg-item fg-type-image fg-idle\"><figure class=\"fg-item-inner\"><a href=\"https:\/\/palaciodelmar.com\/wp-content\/uploads\/2018\/12\/ba\u00f1o_02.jpg\" data-attachment-id=\"2135\" data-type=\"image\" class=\"fg-thumb\"><span class=\"fg-image-wrap\"><img decoding=\"async\" alt=\"Bathroom\" width=\"150\" height=\"150\" class=\"skip-lazy fg-image\" data-src-fg=\"https:\/\/palaciodelmar.com\/wp-content\/uploads\/cache\/2018\/12\/ba\u00f1o_02\/841873197.jpg\" data-srcset-fg=\"https:\/\/palaciodelmar.com\/wp-content\/uploads\/cache\/2018\/12\/ba\u00f1o_02\/2062444352.jpg 2x,https:\/\/palaciodelmar.com\/wp-content\/uploads\/cache\/2018\/12\/ba\u00f1o_02\/2616305615.jpg 3x\" src=\"data:image\/svg+xml,%3Csvg%20xmlns%3D%22http%3A%2F%2Fwww.w3.org%2F2000%2Fsvg%22%20width%3D%22150%22%20height%3D%22150%22%20viewBox%3D%220%200%20150%20150%22%3E%3C%2Fsvg%3E\" loading=\"eager\"><\/span><span class=\"fg-image-overlay\"><\/span><\/a><\/figure><div class=\"fg-loader\"><\/div><\/div><\/div>\n<\/div>\n\n\n\n<div class=\"wp-block-column is-layout-flow wp-block-column-is-layout-flow\">\n<ul class=\"v2-condo-includes has-medium-font-size\">\n<li>Cocina gourmet totalmente equipada.<\/li>\n\n\n\n<li>Muebles de cocina Vesto.<\/li>\n\n\n\n<li>Cocina de cuarzo con encimeras en cascada y protector contra salpicaduras completo.<\/li>\n\n\n\n<li>Amplia alacena en la cocina.<\/li>\n\n\n\n<li>Electrodom\u00e9sticos de acero inoxidable (refrigerador, estufa y horno, lavavajillas).<\/li>\n\n\n\n<li>Lavadora y secadora.<\/li>\n\n\n\n<li>Pisos de porcelanato en salas y pasillos con z\u00f3calos.<\/li>\n\n\n\n<li>Pisos de madera de ingenier\u00eda en los dormitorios.<\/li>\n\n\n\n<li>Iluminaci\u00f3n empotrada.<\/li>\n\n\n\n<li>Sistema de calefacci\u00f3n central.<\/li>\n\n\n\n<li>Techos de 9' y 10'.<\/li>\n<\/ul>\n<\/div>\n<\/div>\n\n\n\n<div style=\"height:20px\" aria-hidden=\"true\" class=\"wp-block-spacer\"><\/div>\n\n\n\n<h3 class=\"wp-block-heading\">\u2190 Regresar a la <a href=\"https:\/\/palaciodelmar.com\/es\/tower-ii-prices-and-availability\/\">lista de disponiblidad y precios<\/a><\/h3>\n\n\n\n<div style=\"height:20px\" aria-hidden=\"true\" class=\"wp-block-spacer\"><\/div>\n\n\n\n<button class=\"eModal-13 subscribe_me button_green font-bold\" id=\"reserve\">RESERVE AHORA!<\/button>\n\n\n\n<input type=\"hidden\" id=\"hidden-unit\" name=\"hidden-unit\" value=\"\">\n<input type=\"hidden\" id=\"hidden-price\" name=\"hidden-price\" value=\"\">\n<input type=\"hidden\" id=\"hidden-price-as-number\" name=\"hidden-price-as-number\" value=\"\">","protected":false},"excerpt":{"rendered":"<p>This is a 3 bedroom, 3 bathroom, 2,870 sq.ft. condo with fantastic views to the north, which follows the Descanso bay. At night, the city lights can be seen from &#8230;<\/p>","protected":false},"author":1,"featured_media":0,"parent":0,"menu_order":0,"comment_status":"closed","ping_status":"closed","template":"","meta":{"_exactmetrics_skip_tracking":false,"_exactmetrics_sitenote_active":false,"_exactmetrics_sitenote_note":"","_exactmetrics_sitenote_category":0,"footnotes":""},"yoast_head":"<!-- This site is optimized with the Yoast SEO plugin v24.4 - https:\/\/yoast.com\/wordpress\/plugins\/seo\/ -->\n<title>3 Bedroom, 3 Bathroom - Imperial - Palacio del Mar - Luxury Condos &amp; Villas<\/title>\n<meta name=\"description\" content=\"This is a 3 bedroom, 3 bathroom, 2,800 sq.ft. condo with fantastic views to the north, which follows the Descanso bay.\" \/>\n<meta name=\"robots\" content=\"noindex, follow\" \/>\n<meta property=\"og:locale\" content=\"es_MX\" \/>\n<meta property=\"og:type\" content=\"article\" \/>\n<meta property=\"og:title\" content=\"3 Bedroom, 3 Bathroom - Imperial - Palacio del Mar - Luxury Condos &amp; Villas\" \/>\n<meta property=\"og:description\" content=\"This is a 3 bedroom, 3 bathroom, 2,800 sq.ft. condo with fantastic views to the north, which follows the Descanso bay.\" \/>\n<meta property=\"og:url\" content=\"https:\/\/palaciodelmar.com\/es\/3-bedroom-3-bathroom-imperial-model-condo\/\" \/>\n<meta property=\"og:site_name\" content=\"Palacio del Mar - Luxury Condos &amp; Villas\" \/>\n<meta property=\"article:publisher\" content=\"https:\/\/www.facebook.com\/Palacio-del-Mar-716878848390985\" \/>\n<meta property=\"article:modified_time\" content=\"2025-09-11T15:49:34+00:00\" \/>\n<meta name=\"twitter:card\" content=\"summary_large_image\" \/>\n<meta name=\"twitter:label1\" content=\"Tiempo de lectura\" \/>\n\t<meta name=\"twitter:data1\" content=\"1 minuto\" \/>\n<script type=\"application\/ld+json\" class=\"yoast-schema-graph\">{\"@context\":\"https:\/\/schema.org\",\"@graph\":[{\"@type\":\"WebPage\",\"@id\":\"https:\/\/palaciodelmar.com\/3-bedroom-3-bathroom-imperial-model-condo\/\",\"url\":\"https:\/\/palaciodelmar.com\/3-bedroom-3-bathroom-imperial-model-condo\/\",\"name\":\"3 Bedroom, 3 Bathroom - Imperial - Palacio del Mar - Luxury Condos &amp; Villas\",\"isPartOf\":{\"@id\":\"https:\/\/palaciodelmar.com\/#website\"},\"datePublished\":\"2020-10-22T18:15:38+00:00\",\"dateModified\":\"2025-09-11T15:49:34+00:00\",\"description\":\"This is a 3 bedroom, 3 bathroom, 2,800 sq.ft. condo with fantastic views to the north, which follows the Descanso bay.\",\"breadcrumb\":{\"@id\":\"https:\/\/palaciodelmar.com\/3-bedroom-3-bathroom-imperial-model-condo\/#breadcrumb\"},\"inLanguage\":\"es\",\"potentialAction\":[{\"@type\":\"ReadAction\",\"target\":[\"https:\/\/palaciodelmar.com\/3-bedroom-3-bathroom-imperial-model-condo\/\"]}]},{\"@type\":\"BreadcrumbList\",\"@id\":\"https:\/\/palaciodelmar.com\/3-bedroom-3-bathroom-imperial-model-condo\/#breadcrumb\",\"itemListElement\":[{\"@type\":\"ListItem\",\"position\":1,\"name\":\"Home\",\"item\":\"https:\/\/palaciodelmar.com\/\"},{\"@type\":\"ListItem\",\"position\":2,\"name\":\"3 Bedroom, 3 Bathroom &#8211; Imperial\"}]},{\"@type\":\"WebSite\",\"@id\":\"https:\/\/palaciodelmar.com\/#website\",\"url\":\"https:\/\/palaciodelmar.com\/\",\"name\":\"Palacio del Mar - Luxury Condos &amp; Villas\",\"description\":\"Luxury Condos &amp; Villas in Rosarito Beach, Mexico\",\"publisher\":{\"@id\":\"https:\/\/palaciodelmar.com\/#organization\"},\"potentialAction\":[{\"@type\":\"SearchAction\",\"target\":{\"@type\":\"EntryPoint\",\"urlTemplate\":\"https:\/\/palaciodelmar.com\/?s={search_term_string}\"},\"query-input\":{\"@type\":\"PropertyValueSpecification\",\"valueRequired\":true,\"valueName\":\"search_term_string\"}}],\"inLanguage\":\"es\"},{\"@type\":\"Organization\",\"@id\":\"https:\/\/palaciodelmar.com\/#organization\",\"name\":\"Palacio de Mar\",\"url\":\"https:\/\/palaciodelmar.com\/\",\"logo\":{\"@type\":\"ImageObject\",\"inLanguage\":\"es\",\"@id\":\"https:\/\/palaciodelmar.com\/#\/schema\/logo\/image\/\",\"url\":\"https:\/\/palaciodelmar.com\/wp-content\/uploads\/2015\/06\/Logo-Palacio-Condos-and-Villas-Large-for-Print.png\",\"contentUrl\":\"https:\/\/palaciodelmar.com\/wp-content\/uploads\/2015\/06\/Logo-Palacio-Condos-and-Villas-Large-for-Print.png\",\"width\":600,\"height\":290,\"caption\":\"Palacio de Mar\"},\"image\":{\"@id\":\"https:\/\/palaciodelmar.com\/#\/schema\/logo\/image\/\"},\"sameAs\":[\"https:\/\/www.facebook.com\/Palacio-del-Mar-716878848390985\"]}]}<\/script>\n<!-- \/ Yoast SEO plugin. -->","yoast_head_json":{"title":"3 Bedroom, 3 Bathroom - Imperial - Palacio del Mar - Luxury Condos &amp; Villas","description":"This is a 3 bedroom, 3 bathroom, 2,800 sq.ft. condo with fantastic views to the north, which follows the Descanso bay.","robots":{"index":"noindex","follow":"follow"},"og_locale":"es_MX","og_type":"article","og_title":"3 Bedroom, 3 Bathroom - Imperial - Palacio del Mar - Luxury Condos &amp; Villas","og_description":"This is a 3 bedroom, 3 bathroom, 2,800 sq.ft. condo with fantastic views to the north, which follows the Descanso bay.","og_url":"https:\/\/palaciodelmar.com\/es\/3-bedroom-3-bathroom-imperial-model-condo\/","og_site_name":"Palacio del Mar - Luxury Condos &amp; Villas","article_publisher":"https:\/\/www.facebook.com\/Palacio-del-Mar-716878848390985","article_modified_time":"2025-09-11T15:49:34+00:00","twitter_card":"summary_large_image","twitter_misc":{"Tiempo de lectura":"1 minuto"},"schema":{"@context":"https:\/\/schema.org","@graph":[{"@type":"WebPage","@id":"https:\/\/palaciodelmar.com\/3-bedroom-3-bathroom-imperial-model-condo\/","url":"https:\/\/palaciodelmar.com\/3-bedroom-3-bathroom-imperial-model-condo\/","name":"3 Bedroom, 3 Bathroom - Imperial - Palacio del Mar - Luxury Condos &amp; Villas","isPartOf":{"@id":"https:\/\/palaciodelmar.com\/#website"},"datePublished":"2020-10-22T18:15:38+00:00","dateModified":"2025-09-11T15:49:34+00:00","description":"This is a 3 bedroom, 3 bathroom, 2,800 sq.ft. condo with fantastic views to the north, which follows the Descanso bay.","breadcrumb":{"@id":"https:\/\/palaciodelmar.com\/3-bedroom-3-bathroom-imperial-model-condo\/#breadcrumb"},"inLanguage":"es","potentialAction":[{"@type":"ReadAction","target":["https:\/\/palaciodelmar.com\/3-bedroom-3-bathroom-imperial-model-condo\/"]}]},{"@type":"BreadcrumbList","@id":"https:\/\/palaciodelmar.com\/3-bedroom-3-bathroom-imperial-model-condo\/#breadcrumb","itemListElement":[{"@type":"ListItem","position":1,"name":"Home","item":"https:\/\/palaciodelmar.com\/"},{"@type":"ListItem","position":2,"name":"3 Bedroom, 3 Bathroom &#8211; Imperial"}]},{"@type":"WebSite","@id":"https:\/\/palaciodelmar.com\/#website","url":"https:\/\/palaciodelmar.com\/","name":"Palacio del Mar - Luxury Condos &amp; Villas","description":"Luxury Condos &amp; Villas in Rosarito Beach, Mexico","publisher":{"@id":"https:\/\/palaciodelmar.com\/#organization"},"potentialAction":[{"@type":"SearchAction","target":{"@type":"EntryPoint","urlTemplate":"https:\/\/palaciodelmar.com\/?s={search_term_string}"},"query-input":{"@type":"PropertyValueSpecification","valueRequired":true,"valueName":"search_term_string"}}],"inLanguage":"es"},{"@type":"Organization","@id":"https:\/\/palaciodelmar.com\/#organization","name":"Palacio de Mar","url":"https:\/\/palaciodelmar.com\/","logo":{"@type":"ImageObject","inLanguage":"es","@id":"https:\/\/palaciodelmar.com\/#\/schema\/logo\/image\/","url":"https:\/\/palaciodelmar.com\/wp-content\/uploads\/2015\/06\/Logo-Palacio-Condos-and-Villas-Large-for-Print.png","contentUrl":"https:\/\/palaciodelmar.com\/wp-content\/uploads\/2015\/06\/Logo-Palacio-Condos-and-Villas-Large-for-Print.png","width":600,"height":290,"caption":"Palacio de Mar"},"image":{"@id":"https:\/\/palaciodelmar.com\/#\/schema\/logo\/image\/"},"sameAs":["https:\/\/www.facebook.com\/Palacio-del-Mar-716878848390985"]}]}},"_links":{"self":[{"href":"https:\/\/palaciodelmar.com\/es\/wp-json\/wp\/v2\/pages\/3394"}],"collection":[{"href":"https:\/\/palaciodelmar.com\/es\/wp-json\/wp\/v2\/pages"}],"about":[{"href":"https:\/\/palaciodelmar.com\/es\/wp-json\/wp\/v2\/types\/page"}],"author":[{"embeddable":true,"href":"https:\/\/palaciodelmar.com\/es\/wp-json\/wp\/v2\/users\/1"}],"replies":[{"embeddable":true,"href":"https:\/\/palaciodelmar.com\/es\/wp-json\/wp\/v2\/comments?post=3394"}],"version-history":[{"count":10,"href":"https:\/\/palaciodelmar.com\/es\/wp-json\/wp\/v2\/pages\/3394\/revisions"}],"predecessor-version":[{"id":8578,"href":"https:\/\/palaciodelmar.com\/es\/wp-json\/wp\/v2\/pages\/3394\/revisions\/8578"}],"wp:attachment":[{"href":"https:\/\/palaciodelmar.com\/es\/wp-json\/wp\/v2\/media?parent=3394"}],"curies":[{"name":"wp","href":"https:\/\/api.w.org\/{rel}","templated":true}]}}