{"id":9,"date":"2015-04-09T17:13:55","date_gmt":"2015-04-09T17:13:55","guid":{"rendered":"http:\/\/palaciodelmar.com\/pm\/?page_id=9"},"modified":"2026-03-30T23:38:31","modified_gmt":"2026-03-30T23:38:31","slug":"home","status":"publish","type":"page","link":"https:\/\/palaciodelmar.com\/es\/","title":{"rendered":"Home"},"content":{"rendered":"<div class=\"alignnormal\"><div id=\"metaslider-id-74\" style=\"width: 100%; margin: 0 auto;\" class=\"ml-slider-3-105-0 metaslider metaslider-nivo metaslider-74 ml-slider has-dots-nav ms-theme-default\" role=\"region\" aria-label=\"Main\" data-height=\"350\" data-width=\"925\">\n    <div id=\"metaslider_container_74\">\n        <div class='slider-wrapper theme-default'><div class='ribbon'><\/div><div id='metaslider_74' class='nivoSlider'><a href=\"https:\/\/palaciodelmar.com\/es\/\" target=\"_self\"><img loading=\"lazy\" decoding=\"async\" src=\"https:\/\/palaciodelmar.com\/wp-content\/uploads\/2017\/09\/palacio-del-mar-video.jpg\" height=\"350\" width=\"925\" title=\"Palacio del Mar Luxury Oceanfront Condos and Villas in Rosarito Beach, Mexico\" alt=\"Palacio del Mar Luxury Oceanfront Condos and Villas in Rosarito Beach, Mexico\" class=\"slider-74 slide-1465 msDefaultImage\" \/><\/a><a href=\"https:\/\/palaciodelmar.com\/es\/luxury-condos\/\" target=\"_self\"><img loading=\"lazy\" decoding=\"async\" src=\"https:\/\/palaciodelmar.com\/wp-content\/uploads\/2015\/04\/2.jpg\" height=\"350\" width=\"925\" title=\"Palacio del Mar Luxury Oceanfront Condos and Villas in Rosarito Beach, Mexico\" alt=\"Palacio del Mar Luxury Oceanfront Condos and Villas in Rosarito Beach, Mexico\" class=\"slider-74 slide-250 msDefaultImage\" \/><\/a><a href=\"https:\/\/palaciodelmar.com\/es\/luxury-condos\/\" target=\"_self\"><img loading=\"lazy\" decoding=\"async\" src=\"https:\/\/palaciodelmar.com\/wp-content\/uploads\/2015\/04\/3.jpg\" height=\"350\" width=\"925\" title=\"Palacio del Mar Luxury Oceanfront Condos and Villas in Rosarito Beach, Mexico\" alt=\"Palacio del Mar Luxury Oceanfront Condos and Villas in Rosarito Beach, Mexico\" class=\"slider-74 slide-251 msDefaultImage\" \/><\/a><a href=\"https:\/\/palaciodelmar.com\/es\/luxury-villas\/\" target=\"_self\"><img loading=\"lazy\" decoding=\"async\" src=\"https:\/\/palaciodelmar.com\/wp-content\/uploads\/2015\/04\/4.jpg\" height=\"350\" width=\"925\" title=\"Palacio del Mar Luxury Oceanfront Condos and Villas in Rosarito Beach, Mexico\" alt=\"Palacio del Mar Luxury Oceanfront Condos and Villas in Rosarito Beach, Mexico\" class=\"slider-74 slide-252 msDefaultImage\" \/><\/a><a href=\"https:\/\/palaciodelmar.com\/es\/amenities\/\" target=\"_self\"><img loading=\"lazy\" decoding=\"async\" src=\"https:\/\/palaciodelmar.com\/wp-content\/uploads\/2015\/04\/5.jpg\" height=\"350\" width=\"925\" title=\"Palacio del Mar Luxury Oceanfront Condos and Villas in Rosarito Beach, Mexico\" alt=\"Palacio del Mar Luxury Oceanfront Condos and Villas in Rosarito Beach, Mexico\" class=\"slider-74 slide-253 msDefaultImage\" \/><\/a><a href=\"https:\/\/palaciodelmar.com\/es\/listings\/\" target=\"_self\"><img loading=\"lazy\" decoding=\"async\" src=\"https:\/\/palaciodelmar.com\/wp-content\/uploads\/2015\/04\/6.jpg\" height=\"350\" width=\"925\" title=\"Palacio del Mar Luxury Oceanfront Condos and Villas in Rosarito Beach, Mexico\" alt=\"Palacio del Mar Luxury Oceanfront Condos and Villas in Rosarito Beach, Mexico\" class=\"slider-74 slide-254 msDefaultImage\" \/><\/a><a href=\"https:\/\/palaciodelmar.com\/es\/baja-the-community\/\" target=\"_self\"><img loading=\"lazy\" decoding=\"async\" src=\"https:\/\/palaciodelmar.com\/wp-content\/uploads\/2015\/04\/7.jpg\" height=\"350\" width=\"925\" title=\"Palacio del Mar Luxury Oceanfront Condos and Villas in Rosarito Beach, Mexico\" alt=\"Palacio del Mar Luxury Oceanfront Condos and Villas in Rosarito Beach, Mexico\" class=\"slider-74 slide-255 msDefaultImage\" \/><\/a><a href=\"https:\/\/palaciodelmar.com\/es\/about-the-developer\/\" target=\"_self\"><img loading=\"lazy\" decoding=\"async\" src=\"https:\/\/palaciodelmar.com\/wp-content\/uploads\/2015\/04\/8.jpg\" height=\"350\" width=\"925\" title=\"Palacio del Mar Luxury Oceanfront Condos and Villas in Rosarito Beach, Mexico\" alt=\"Palacio del Mar Luxury Oceanfront Condos and Villas in Rosarito Beach, Mexico\" class=\"slider-74 slide-256 msDefaultImage\" \/><\/a><a href=\"https:\/\/palaciodelmar.com\/es\/contact\/\" target=\"_self\"><img loading=\"lazy\" decoding=\"async\" src=\"https:\/\/palaciodelmar.com\/wp-content\/uploads\/2015\/04\/9.jpg\" height=\"350\" width=\"925\" title=\"Palacio del Mar Luxury Oceanfront Condos and Villas in Rosarito Beach, Mexico\" alt=\"Palacio del Mar Luxury Oceanfront Condos and Villas in Rosarito Beach, Mexico\" class=\"slider-74 slide-257 msDefaultImage\" \/><\/a><\/div><\/div>\n        \n    <\/div>\n<\/div><\/div>\n\n\n\n<h2 class=\"wp-block-heading\">Palacio del Mar &#8211; Baja <strong><a href=\"\/es\/?page_id=13\">Oceanfront Condos<\/a><\/strong> y <strong><a href=\"\/es\/?page_id=15\">Oceanfront Villas<\/a><\/strong> for sale in Rosarito<\/h2>\n\n\n\n<p class=\"block-pdm-content\">Palacio del Mar es la comunidad Premier frente al mar en Baja, M\u00e9xico y ofrece <a href=\"\/es\/luxury-condos\/\"><strong>condominios de lujo<\/strong><\/a> y <a href=\"\/es\/luxury-villas\/\"><strong>villas frente al mar<\/strong><\/a> a la venta. Palacio del Mar est\u00e1 a solo 45 minutos al sur de la frontera de Baja California y San Diego. Palacio del Mar ofrece condominios de dos y tres habitaciones y villas independientes frente al mar <strong>.<\/strong>.<\/p>\n\n\n\n<p class=\"block-pdm-content\">Estas propiedades son las m\u00e1s grandes de su clase, con condominios de dos habitaciones que miden 1930 pies cuadrados, tres habitaciones con 1930 pies cuadrados y villas desde m\u00e1s de 4000 pies cuadrados. Todos los condominios y villas tienen amplias y despejadas vistas y acceso al mar. <a style=\"white-space: inherit;\" href=\"\/es\/pm\/listings\/\"><strong>Para ver la lista de todos los condominios y villas disponibles en venta en Palacio del Mar visite esta liga.<\/strong><\/a><\/p>\n\n\n\n<p class=\"block-pdm-content\"><a href=\"\/es\/pm\/?page_id=19\"><strong>El desarrollador<\/strong><\/a> tiene un excelente curr\u00edculum en la construcci\u00f3n y entrega de residencias de lujo en M\u00e9xico, y es el principal desarrollador de proyectos costeros de este calibre aqu\u00ed en la costa de Baja California.<\/p>\n\n\n\n<p class=\"block-pdm-content\">Adem\u00e1s de estar frente al mar y tan cerca de San Diego, son las comodidades y la calidad de la construcci\u00f3n las que ponen el list\u00f3n alto para las residencias de lujo aqu\u00ed en Baja California.&nbsp;<\/p>\n\n\n\n<hr class=\"wp-block-separator has-text-color has-css-opacity has-background is-style-wide\" style=\"background-color:#4cadc9;color:#4cadc9\"\/>\n\n\n\n<div style=\"height:30px\" aria-hidden=\"true\" class=\"wp-block-spacer\"><\/div>\n\n\n<style type=\"text\/css\">\n#foogallery-gallery-4444 .fg-image { width: 250px; }\n#foogallery-gallery-4444 { --fg-gutter: 10px; }<\/style>\n\t\t\t<div class=\"foogallery foogallery-container foogallery-default foogallery-lightbox-none fg-center fg-default fg-ready fg-light fg-border-thin fg-shadow-outline fg-loading-default fg-loaded-fade-in fg-caption-hover fg-hover-fade\" id=\"foogallery-gallery-4444\" data-foogallery=\"{&quot;item&quot;:{&quot;showCaptionTitle&quot;:false,&quot;showCaptionDescription&quot;:true},&quot;lazy&quot;:true}\" style=\"--fg-title-line-clamp: 0; --fg-description-line-clamp: 0;\" >\n\t<div class=\"fg-item fg-type-image fg-idle\"><figure class=\"fg-item-inner\"><a data-caption-title=\"Library\/Meeting room\" data-caption-desc=\"Library\/Meeting room\" data-attachment-id=\"3503\" data-type=\"image\" class=\"fg-thumb\"><span class=\"fg-image-wrap\"><img fetchpriority=\"high\" decoding=\"async\" alt=\"Library\/Meeting room\" title=\"Library\/Meeting room\" width=\"250\" height=\"250\" class=\"skip-lazy fg-image\" data-src-fg=\"https:\/\/palaciodelmar.com\/wp-content\/uploads\/cache\/2020\/11\/tower-2-2bed2bath-14\/3941793104.jpg\" src=\"data:image\/svg+xml,%3Csvg%20xmlns%3D%22http%3A%2F%2Fwww.w3.org%2F2000%2Fsvg%22%20width%3D%22250%22%20height%3D%22250%22%20viewBox%3D%220%200%20250%20250%22%3E%3C%2Fsvg%3E\" loading=\"eager\"><\/span><span class=\"fg-image-overlay\"><\/span><\/a><figcaption class=\"fg-caption\"><div class=\"fg-caption-inner\"><div class=\"fg-caption-desc\">Library\/Meeting room<\/div><\/div><\/figcaption><\/figure><div class=\"fg-loader\"><\/div><\/div><div class=\"fg-item fg-type-image fg-idle\"><figure class=\"fg-item-inner\"><a data-caption-title=\"Bar featuring pool tables\" data-caption-desc=\"Bar featuring pool tables\" data-attachment-id=\"3505\" data-type=\"image\" class=\"fg-thumb\"><span class=\"fg-image-wrap\"><img decoding=\"async\" alt=\"Bar featuring pool tables\" title=\"Bar featuring pool tables\" width=\"250\" height=\"250\" class=\"skip-lazy fg-image\" data-src-fg=\"https:\/\/palaciodelmar.com\/wp-content\/uploads\/cache\/2020\/11\/tower-2-2bed2bath-16\/609317126.jpg\" src=\"data:image\/svg+xml,%3Csvg%20xmlns%3D%22http%3A%2F%2Fwww.w3.org%2F2000%2Fsvg%22%20width%3D%22250%22%20height%3D%22250%22%20viewBox%3D%220%200%20250%20250%22%3E%3C%2Fsvg%3E\" loading=\"eager\"><\/span><span class=\"fg-image-overlay\"><\/span><\/a><figcaption class=\"fg-caption\"><div class=\"fg-caption-inner\"><div class=\"fg-caption-desc\">Bar featuring pool tables<\/div><\/div><\/figcaption><\/figure><div class=\"fg-loader\"><\/div><\/div><div class=\"fg-item fg-type-image fg-idle\"><figure class=\"fg-item-inner\"><a data-caption-title=\"Spacious Outdoor Areas\" data-caption-desc=\"Spacious Outdoor Areas\" data-attachment-id=\"8112\" data-type=\"image\" class=\"fg-thumb\"><span class=\"fg-image-wrap\"><img decoding=\"async\" alt=\"Spacious Outdoor Areas\" title=\"Spacious Outdoor Areas\" width=\"250\" height=\"250\" class=\"skip-lazy fg-image\" data-src-fg=\"https:\/\/palaciodelmar.com\/wp-content\/uploads\/cache\/2022\/02\/palacio-del-mar-marbella-tower-outdoors-amenities-section\/2680501891.jpg\" src=\"data:image\/svg+xml,%3Csvg%20xmlns%3D%22http%3A%2F%2Fwww.w3.org%2F2000%2Fsvg%22%20width%3D%22250%22%20height%3D%22250%22%20viewBox%3D%220%200%20250%20250%22%3E%3C%2Fsvg%3E\" loading=\"eager\"><\/span><span class=\"fg-image-overlay\"><\/span><\/a><figcaption class=\"fg-caption\"><div class=\"fg-caption-inner\"><div class=\"fg-caption-desc\">Spacious Outdoor Areas<\/div><\/div><\/figcaption><\/figure><div class=\"fg-loader\"><\/div><\/div><div class=\"fg-item fg-type-image fg-idle\"><figure class=\"fg-item-inner\"><a data-caption-title=\"Outdoor Swimming Pool &amp;amp; Jacuzzi\" data-caption-desc=\"Outdoor Swimming Pool &amp;amp; Jacuzzi\" data-attachment-id=\"8111\" data-type=\"image\" class=\"fg-thumb\"><span class=\"fg-image-wrap\"><img decoding=\"async\" alt=\"Outdoor Swimming Pool &amp; Jacuzzi\" title=\"Outdoor Swimming Pool &amp; Jacuzzi\" width=\"250\" height=\"250\" class=\"skip-lazy fg-image\" data-src-fg=\"https:\/\/palaciodelmar.com\/wp-content\/uploads\/cache\/2022\/02\/palacio-del-mar-marbella-tower-outdoor-pool-jacuzzi-amenities-section\/1913037837.jpg\" src=\"data:image\/svg+xml,%3Csvg%20xmlns%3D%22http%3A%2F%2Fwww.w3.org%2F2000%2Fsvg%22%20width%3D%22250%22%20height%3D%22250%22%20viewBox%3D%220%200%20250%20250%22%3E%3C%2Fsvg%3E\" loading=\"eager\"><\/span><span class=\"fg-image-overlay\"><\/span><\/a><figcaption class=\"fg-caption\"><div class=\"fg-caption-inner\"><div class=\"fg-caption-desc\">Outdoor Swimming Pool &amp; Jacuzzi<\/div><\/div><\/figcaption><\/figure><div class=\"fg-loader\"><\/div><\/div><div class=\"fg-item fg-type-image fg-idle\"><figure class=\"fg-item-inner\"><a data-caption-title=\"Elevators with Biometric Security Features\" data-caption-desc=\"Elevators with Biometric Security Features\" data-attachment-id=\"8115\" data-type=\"image\" class=\"fg-thumb\"><span class=\"fg-image-wrap\"><img decoding=\"async\" alt=\"Elevators with Biometric Security Features\" title=\"Elevators with Biometric Security Features\" width=\"250\" height=\"250\" class=\"skip-lazy fg-image\" data-src-fg=\"https:\/\/palaciodelmar.com\/wp-content\/uploads\/cache\/2022\/02\/palacio-del-mar-marbella-tower-elevators-entrance-amenities-section\/1732432570.jpg\" src=\"data:image\/svg+xml,%3Csvg%20xmlns%3D%22http%3A%2F%2Fwww.w3.org%2F2000%2Fsvg%22%20width%3D%22250%22%20height%3D%22250%22%20viewBox%3D%220%200%20250%20250%22%3E%3C%2Fsvg%3E\" loading=\"eager\"><\/span><span class=\"fg-image-overlay\"><\/span><\/a><figcaption class=\"fg-caption\"><div class=\"fg-caption-inner\"><div class=\"fg-caption-desc\">Elevators with Biometric Security Features<\/div><\/div><\/figcaption><\/figure><div class=\"fg-loader\"><\/div><\/div><div class=\"fg-item fg-type-image fg-idle\"><figure class=\"fg-item-inner\"><a data-caption-title=\"Heated Indoor Semi-Olympic Pool\" data-caption-desc=\"Heated Indoor Semi-Olympic Pool\" data-attachment-id=\"8109\" data-type=\"image\" class=\"fg-thumb\"><span class=\"fg-image-wrap\"><img decoding=\"async\" alt=\"Heated Indoor Semi-Olympic Pool.\" title=\"Heated Indoor Semi-Olympic Pool\" width=\"250\" height=\"250\" class=\"skip-lazy fg-image\" data-src-fg=\"https:\/\/palaciodelmar.com\/wp-content\/uploads\/cache\/2022\/02\/palacio-del-mar-marbella-tower-semi-olympic-pool-amenities-section\/3483131229.jpg\" src=\"data:image\/svg+xml,%3Csvg%20xmlns%3D%22http%3A%2F%2Fwww.w3.org%2F2000%2Fsvg%22%20width%3D%22250%22%20height%3D%22250%22%20viewBox%3D%220%200%20250%20250%22%3E%3C%2Fsvg%3E\" loading=\"eager\"><\/span><span class=\"fg-image-overlay\"><\/span><\/a><figcaption class=\"fg-caption\"><div class=\"fg-caption-inner\"><div class=\"fg-caption-desc\">Heated Indoor Semi-Olympic Pool<\/div><\/div><\/figcaption><\/figure><div class=\"fg-loader\"><\/div><\/div><div class=\"fg-item fg-type-image fg-idle\"><figure class=\"fg-item-inner\"><a data-caption-title=\"Gym with ocean views.\" data-caption-desc=\"Gym with ocean views.\" data-attachment-id=\"8110\" data-type=\"image\" class=\"fg-thumb\"><span class=\"fg-image-wrap\"><img decoding=\"async\" alt=\"Gym with ocean views.\" title=\"Gym with ocean views.\" width=\"250\" height=\"250\" class=\"skip-lazy fg-image\" data-src-fg=\"https:\/\/palaciodelmar.com\/wp-content\/uploads\/cache\/2022\/02\/palacio-del-mar-marbella-tower-gym-amenities-section\/2036221275.jpg\" src=\"data:image\/svg+xml,%3Csvg%20xmlns%3D%22http%3A%2F%2Fwww.w3.org%2F2000%2Fsvg%22%20width%3D%22250%22%20height%3D%22250%22%20viewBox%3D%220%200%20250%20250%22%3E%3C%2Fsvg%3E\" loading=\"eager\"><\/span><span class=\"fg-image-overlay\"><\/span><\/a><figcaption class=\"fg-caption\"><div class=\"fg-caption-inner\"><div class=\"fg-caption-desc\">Gym with ocean views.<\/div><\/div><\/figcaption><\/figure><div class=\"fg-loader\"><\/div><\/div><\/div>\n\n\n\n<p class=\"block-pdm-content\"><a href=\"\/es\/?page_id=17\"><strong>Las amenidades<\/strong><\/a> are large and abundant and include everything you would want in a vacation destination.&nbsp; Also, the quality is unsurpassed and at the same time Palacio del Mar is still extremely competitive on price on a square foot basis.<\/p>\n\n\n\n<p class=\"block-pdm-content\">The location of Palacio del Mar is within what is called Descanso Bay. Descanso translates to rest.&nbsp; Palacio del Mar is within the municipality of Playas de Rosarito, which translates to the Beaches of Rosarito.&nbsp; This <strong>el Rosarito frente al mar<\/strong> es verdaderamente \u00fanica y espectacular. Conoce m\u00e1s sobre la ubicaci\u00f3n del Palacio del Mar <a href=\"\/es\/baja-the-community\/\" style=\"white-space: inherit;\"><strong>y otras cosas que hacer en la comunidad de Baja aqu\u00ed<\/strong><\/a>.<\/p>\n\n\n\n<p class=\"block-pdm-content\">Here at Palacio del Mar, all properties are delivered with title, free and clear. You can have a bank trust, called a Fideicomiso, or you can get an Escritura, a deed.&nbsp; Both forms of title give you clear ownership.&nbsp; The developer currently owns all the land and the development is debt free. The home owner association is solvent and transparent.<\/p>\n\n\n\n<hr class=\"wp-block-separator has-text-color has-css-opacity has-background is-style-wide\" style=\"background-color:#4cadc9;color:#4cadc9\"\/>\n\n\n\n<p class=\"block-pdm-content\">Por favor agendda una cita para conocer <strong>el Rosarito frente al mar<\/strong> Condos and Villas.&nbsp; You will be impressed of the quality of construction, the materials used to finish the condos and villas, and all the planning and infrastructure put in place to make your investment in Baja a secure one.<\/p>\n\n\n\n<div style=\"height:30px\" aria-hidden=\"true\" class=\"wp-block-spacer\"><\/div>\n\n\n\n<h2 class=\"wp-block-heading has-text-align-center\">Browse our Exclusive Listings at Palacio del Mar <a href=\"\/es\/listings\/\" class=\"pdm-button-link\">actuales aqu\u00ed<\/a><\/h2>","protected":false},"excerpt":{"rendered":"<p>Palacio del Mar &#8211; Baja Oceanfront Condos and Oceanfront Villas for sale in Rosarito Palacio del Mar is the Premiere oceanfront community in Baja, Mexico and offers luxury condos and &#8230;<\/p>","protected":false},"author":1,"featured_media":0,"parent":0,"menu_order":0,"comment_status":"closed","ping_status":"closed","template":"template-frontpage.php","meta":{"_exactmetrics_skip_tracking":false,"_exactmetrics_sitenote_active":false,"_exactmetrics_sitenote_note":"","_exactmetrics_sitenote_category":0,"footnotes":""},"yoast_head":"<!-- This site is optimized with the Yoast SEO plugin v24.4 - https:\/\/yoast.com\/wordpress\/plugins\/seo\/ -->\n<title>Palacio del Mar, Luxury Condos, Villas &amp; Spa in Rosarito Beach<\/title>\n<meta name=\"description\" content=\"Palacio del Mar is the Premiere oceanfront community in Baja, Mexico and offers luxury condos and ocean front Villas for sale.\" \/>\n<meta name=\"robots\" content=\"index, follow, max-snippet:-1, max-image-preview:large, max-video-preview:-1\" \/>\n<link rel=\"canonical\" href=\"https:\/\/palaciodelmar.com\/es\/\" \/>\n<meta property=\"og:locale\" content=\"es_MX\" \/>\n<meta property=\"og:type\" content=\"article\" \/>\n<meta property=\"og:title\" content=\"Palacio del Mar, Luxury Condos, Villas &amp; Spa in Rosarito Beach\" \/>\n<meta property=\"og:description\" content=\"Palacio del Mar is the Premiere oceanfront community in Baja, Mexico and offers luxury condos and ocean front Villas for sale.\" \/>\n<meta property=\"og:url\" content=\"https:\/\/palaciodelmar.com\/es\/\" \/>\n<meta property=\"og:site_name\" content=\"Palacio del Mar - Luxury Condos &amp; Villas\" \/>\n<meta property=\"article:publisher\" content=\"https:\/\/www.facebook.com\/Palacio-del-Mar-716878848390985\" \/>\n<meta property=\"article:modified_time\" content=\"2026-03-30T23:38:31+00:00\" \/>\n<meta name=\"twitter:card\" content=\"summary_large_image\" \/>\n<meta name=\"twitter:label1\" content=\"Tiempo de lectura\" \/>\n\t<meta name=\"twitter:data1\" content=\"2 minutos\" \/>\n<script type=\"application\/ld+json\" class=\"yoast-schema-graph\">{\"@context\":\"https:\/\/schema.org\",\"@graph\":[{\"@type\":\"WebPage\",\"@id\":\"https:\/\/palaciodelmar.com\/\",\"url\":\"https:\/\/palaciodelmar.com\/\",\"name\":\"Palacio del Mar, Luxury Condos, Villas & Spa in Rosarito Beach\",\"isPartOf\":{\"@id\":\"https:\/\/palaciodelmar.com\/#website\"},\"datePublished\":\"2015-04-09T17:13:55+00:00\",\"dateModified\":\"2026-03-30T23:38:31+00:00\",\"description\":\"Palacio del Mar is the Premiere oceanfront community in Baja, Mexico and offers luxury condos and ocean front Villas for sale.\",\"breadcrumb\":{\"@id\":\"https:\/\/palaciodelmar.com\/#breadcrumb\"},\"inLanguage\":\"es\",\"potentialAction\":[{\"@type\":\"ReadAction\",\"target\":[\"https:\/\/palaciodelmar.com\/\"]}]},{\"@type\":\"BreadcrumbList\",\"@id\":\"https:\/\/palaciodelmar.com\/#breadcrumb\",\"itemListElement\":[{\"@type\":\"ListItem\",\"position\":1,\"name\":\"Home\",\"item\":\"https:\/\/palaciodelmar.com\/\"},{\"@type\":\"ListItem\",\"position\":2,\"name\":\"Home\"}]},{\"@type\":\"WebSite\",\"@id\":\"https:\/\/palaciodelmar.com\/#website\",\"url\":\"https:\/\/palaciodelmar.com\/\",\"name\":\"Palacio del Mar - Luxury Condos &amp; Villas\",\"description\":\"Luxury Condos &amp; Villas in Rosarito Beach, Mexico\",\"publisher\":{\"@id\":\"https:\/\/palaciodelmar.com\/#organization\"},\"potentialAction\":[{\"@type\":\"SearchAction\",\"target\":{\"@type\":\"EntryPoint\",\"urlTemplate\":\"https:\/\/palaciodelmar.com\/?s={search_term_string}\"},\"query-input\":{\"@type\":\"PropertyValueSpecification\",\"valueRequired\":true,\"valueName\":\"search_term_string\"}}],\"inLanguage\":\"es\"},{\"@type\":\"Organization\",\"@id\":\"https:\/\/palaciodelmar.com\/#organization\",\"name\":\"Palacio de Mar\",\"url\":\"https:\/\/palaciodelmar.com\/\",\"logo\":{\"@type\":\"ImageObject\",\"inLanguage\":\"es\",\"@id\":\"https:\/\/palaciodelmar.com\/#\/schema\/logo\/image\/\",\"url\":\"https:\/\/palaciodelmar.com\/wp-content\/uploads\/2015\/06\/Logo-Palacio-Condos-and-Villas-Large-for-Print.png\",\"contentUrl\":\"https:\/\/palaciodelmar.com\/wp-content\/uploads\/2015\/06\/Logo-Palacio-Condos-and-Villas-Large-for-Print.png\",\"width\":600,\"height\":290,\"caption\":\"Palacio de Mar\"},\"image\":{\"@id\":\"https:\/\/palaciodelmar.com\/#\/schema\/logo\/image\/\"},\"sameAs\":[\"https:\/\/www.facebook.com\/Palacio-del-Mar-716878848390985\"]}]}<\/script>\n<!-- \/ Yoast SEO plugin. -->","yoast_head_json":{"title":"Palacio del Mar, Luxury Condos, Villas & Spa in Rosarito Beach","description":"Palacio del Mar is the Premiere oceanfront community in Baja, Mexico and offers luxury condos and ocean front Villas for sale.","robots":{"index":"index","follow":"follow","max-snippet":"max-snippet:-1","max-image-preview":"max-image-preview:large","max-video-preview":"max-video-preview:-1"},"canonical":"https:\/\/palaciodelmar.com\/es\/","og_locale":"es_MX","og_type":"article","og_title":"Palacio del Mar, Luxury Condos, Villas & Spa in Rosarito Beach","og_description":"Palacio del Mar is the Premiere oceanfront community in Baja, Mexico and offers luxury condos and ocean front Villas for sale.","og_url":"https:\/\/palaciodelmar.com\/es\/","og_site_name":"Palacio del Mar - Luxury Condos &amp; Villas","article_publisher":"https:\/\/www.facebook.com\/Palacio-del-Mar-716878848390985","article_modified_time":"2026-03-30T23:38:31+00:00","twitter_card":"summary_large_image","twitter_misc":{"Tiempo de lectura":"2 minutos"},"schema":{"@context":"https:\/\/schema.org","@graph":[{"@type":"WebPage","@id":"https:\/\/palaciodelmar.com\/","url":"https:\/\/palaciodelmar.com\/","name":"Palacio del Mar, Luxury Condos, Villas & Spa in Rosarito Beach","isPartOf":{"@id":"https:\/\/palaciodelmar.com\/#website"},"datePublished":"2015-04-09T17:13:55+00:00","dateModified":"2026-03-30T23:38:31+00:00","description":"Palacio del Mar is the Premiere oceanfront community in Baja, Mexico and offers luxury condos and ocean front Villas for sale.","breadcrumb":{"@id":"https:\/\/palaciodelmar.com\/#breadcrumb"},"inLanguage":"es","potentialAction":[{"@type":"ReadAction","target":["https:\/\/palaciodelmar.com\/"]}]},{"@type":"BreadcrumbList","@id":"https:\/\/palaciodelmar.com\/#breadcrumb","itemListElement":[{"@type":"ListItem","position":1,"name":"Home","item":"https:\/\/palaciodelmar.com\/"},{"@type":"ListItem","position":2,"name":"Home"}]},{"@type":"WebSite","@id":"https:\/\/palaciodelmar.com\/#website","url":"https:\/\/palaciodelmar.com\/","name":"Palacio del Mar - Luxury Condos &amp; Villas","description":"Luxury Condos &amp; Villas in Rosarito Beach, Mexico","publisher":{"@id":"https:\/\/palaciodelmar.com\/#organization"},"potentialAction":[{"@type":"SearchAction","target":{"@type":"EntryPoint","urlTemplate":"https:\/\/palaciodelmar.com\/?s={search_term_string}"},"query-input":{"@type":"PropertyValueSpecification","valueRequired":true,"valueName":"search_term_string"}}],"inLanguage":"es"},{"@type":"Organization","@id":"https:\/\/palaciodelmar.com\/#organization","name":"Palacio de Mar","url":"https:\/\/palaciodelmar.com\/","logo":{"@type":"ImageObject","inLanguage":"es","@id":"https:\/\/palaciodelmar.com\/#\/schema\/logo\/image\/","url":"https:\/\/palaciodelmar.com\/wp-content\/uploads\/2015\/06\/Logo-Palacio-Condos-and-Villas-Large-for-Print.png","contentUrl":"https:\/\/palaciodelmar.com\/wp-content\/uploads\/2015\/06\/Logo-Palacio-Condos-and-Villas-Large-for-Print.png","width":600,"height":290,"caption":"Palacio de Mar"},"image":{"@id":"https:\/\/palaciodelmar.com\/#\/schema\/logo\/image\/"},"sameAs":["https:\/\/www.facebook.com\/Palacio-del-Mar-716878848390985"]}]}},"_links":{"self":[{"href":"https:\/\/palaciodelmar.com\/es\/wp-json\/wp\/v2\/pages\/9"}],"collection":[{"href":"https:\/\/palaciodelmar.com\/es\/wp-json\/wp\/v2\/pages"}],"about":[{"href":"https:\/\/palaciodelmar.com\/es\/wp-json\/wp\/v2\/types\/page"}],"author":[{"embeddable":true,"href":"https:\/\/palaciodelmar.com\/es\/wp-json\/wp\/v2\/users\/1"}],"replies":[{"embeddable":true,"href":"https:\/\/palaciodelmar.com\/es\/wp-json\/wp\/v2\/comments?post=9"}],"version-history":[{"count":9,"href":"https:\/\/palaciodelmar.com\/es\/wp-json\/wp\/v2\/pages\/9\/revisions"}],"predecessor-version":[{"id":7257,"href":"https:\/\/palaciodelmar.com\/es\/wp-json\/wp\/v2\/pages\/9\/revisions\/7257"}],"wp:attachment":[{"href":"https:\/\/palaciodelmar.com\/es\/wp-json\/wp\/v2\/media?parent=9"}],"curies":[{"name":"wp","href":"https:\/\/api.w.org\/{rel}","templated":true}]}}